{"id":33886,"date":"2025-02-14T09:09:39","date_gmt":"2025-02-14T17:09:39","guid":{"rendered":"https:\/\/nudify.info\/quem-somos\/"},"modified":"2024-09-09T04:31:52","modified_gmt":"2024-09-09T12:31:52","slug":"quem-somos","status":"publish","type":"page","link":"https:\/\/nudify.info\/pt-br\/quem-somos\/","title":{"rendered":"Quem somos"},"content":{"rendered":"\n<p>Obrigado por visitar o blog Nudify Info.\nTenho certeza de que voc\u00ea gostaria de saber mais sobre n\u00f3s. <\/p>\n\n<p>Gostar\u00edamos de informar que <strong>o &#8220;<strong>Nudify Info<\/strong>&#8220;<\/strong> Publisher \u00e9 uma plataforma para entusiastas de IA que exploram tecnologias para gerar imagens, v\u00eddeos e sons.\nTrabalhamos nessa \u00e1rea desde 2021, quando publicamos nossa primeira pesquisa sobre o aplicativo Deepnude original. <\/p>\n\n<blockquote class=\"wp-block-quote is-layout-flow wp-block-quote-is-layout-flow\">\n<p>Confie em profissionais com experi\u00eancia!<\/p>\n<\/blockquote>\n\n<p>Os artigos deste site s\u00e3o monitorados por <strong>uma equipe profissional que revisou<\/strong> mais de 170 intelig\u00eancias artificiais geradas pagas\/gratuitas.\nCuidado com as informa\u00e7\u00f5es em sites amadores que operam sem conhecimento especializado. <\/p>\n\n<p class=\"star\">Explica\u00e7\u00f5es completas com ilustra\u00e7\u00f5es s\u00e3o fornecidas para que mesmo os iniciantes que n\u00e3o est\u00e3o familiarizados com a gera\u00e7\u00e3o de IA possam entender facilmente!<br\/>A estrutura do site facilita o uso de ferramentas de IA e bots sem conhecer terminologia complexa ou conhecimento t\u00e9cnico.<\/p>\n\n<blockquote class=\"wp-block-quote is-layout-flow wp-block-quote-is-layout-flow\">\n<p>[Led by a team specialized in generative AI]  Fornecer informa\u00e7\u00f5es altamente confi\u00e1veis por meio de experimentos de demonstra\u00e7\u00e3o.  <\/p>\n<\/blockquote>\n\n<h2 class=\"wp-block-heading\">Sobre o Nudify Info<\/h2>\n\n<p>Temos algumas metodologias que seguimos para listar as principais ag\u00eancias de TI.\nTemos uma equipe especializada de analistas que \u00e9 respons\u00e1vel por fornecer dados confi\u00e1veis, fazendo pesquisas aprofundadas dos servi\u00e7os da empresa l\u00edder, portf\u00f3lio industrial, feedback de clientes de sites e sites de avalia\u00e7\u00e3o de terceiros e outros sites de avalia\u00e7\u00e3o de n\u00edvel superior. <\/p>\n\n<p>Voc\u00ea pode enviar os detalhes da sua empresa (com vis\u00e3o geral exclusiva), como mencionamos para outras empresas, juntamente com uma imagem do logotipo da empresa (300&#215;300 px).<\/p>\n\n<p>Compartilhe as informa\u00e7\u00f5es da sua empresa no formato mencionado abaixo:<\/p>\n\n<ul class=\"wp-block-list\">\n<li>Vis\u00e3o geral da empresa:<\/li>\n\n\n\n<li>Servi\u00e7os prestados pela sua empresa:<\/li>\n\n\n\n<li>URL do site:<\/li>\n\n\n\n<li>Funda\u00e7\u00e3o (Ano):<\/li>\n\n\n\n<li>Empregados:<\/li>\n\n\n\n<li>Email:<\/li>\n\n\n\n<li>N\u00famero de telefone de contato:<\/li>\n\n\n\n<li>Locais:<\/li>\n\n\n\n<li>Taxa hor\u00e1ria:<\/li>\n\n\n\n<li>Principais clientes:<\/li>\n<\/ul>\n\n<p>Visite nosso site para ver informa\u00e7\u00f5es de outras empresas, por exemplo.<\/p>\n\n<h2 class=\"wp-block-heading\">Entre em contato<\/h2>\n\n<p>Estamos dispon\u00edveis em todos os canais sociais populares.\nVoc\u00ea pode se juntar a n\u00f3s nos canais listados abaixo, dizer ol\u00e1 para n\u00f3s e ficar atualizado! <\/p>\n\n<ul class=\"wp-block-list\">\n<li><a href=\"https:\/\/nudify.info\/contact\/\"><\/a><a href=\"https:\/\/nudify.info\/contact\/\">Formul\u00e1rio de contato<\/a><\/li>\n\n\n\n<li>Localiza\u00e7\u00e3o do escrit\u00f3rio: <u>Ancara, Turquia<\/u><\/li>\n<\/ul>\n\n<p><strong>Nossas estat\u00edsticas r\u00e1pidas:<\/strong><\/p>\n\n<ul class=\"wp-block-list\">\n<li>230 k+ visualiza\u00e7\u00f5es de p\u00e1gina mensais;<\/li>\n\n\n\n<li>4100+ seguidores no Telegram, Facebook, Twitter e LinkedIn;<\/li>\n\n\n\n<li>220+ assinantes de e-mail e RSS;<\/li>\n\n\n\n<li>Portal mais interativo com 140+ p\u00e1ginas;<\/li>\n\n\n\n<li>Desde 2021 \u2013 Um dos portais de revis\u00e3o DeepNude mais confi\u00e1veis.<\/li>\n<\/ul>\n\n<p>Estamos muito orgulhosos de ter feito parceria com a <a href=\"https:\/\/savelife.in.ua\/en\/donate-en\/\" target=\"_blank\" rel=\"noopener nofollow\">Come Back Alive Foundation<\/a> , ou seja, para cada postagem que criamos para todos os nossos clientes e clientes, <em>tamb\u00e9m ajudamos a Ucr\u00e2nia<\/em>.  <\/p>\n\n<h3 class=\"wp-block-heading\">Alguma sugest\u00e3o para n\u00f3s?<\/h3>\n\n<p>Se voc\u00ea tiver alguma sugest\u00e3o ou conselho para n\u00f3s, adorar\u00edamos ouvi-lo.<\/p>\n\n<p>Ent\u00e3o aqui est\u00e1,<strong> &#8220;Nudify Info&#8221;<\/strong> \u2013 um blog de tecnologia de IA para pessoas que amam DeepNude e DeepFake fora da bolha.<\/p>\n","protected":false},"excerpt":{"rendered":"<p>Obrigado por visitar o blog Nudify Info. Tenho certeza de que voc\u00ea gostaria de saber mais sobre n\u00f3s. Gostar\u00edamos de informar que o &#8220;Nudify Info&#8220; Publisher \u00e9 uma plataforma para entusiastas de IA que exploram tecnologias para gerar imagens, v\u00eddeos e sons. Trabalhamos nessa \u00e1rea desde 2021, quando publicamos nossa primeira pesquisa sobre o aplicativo [&hellip;]<\/p>\n","protected":false},"author":1,"featured_media":31596,"parent":0,"menu_order":0,"comment_status":"closed","ping_status":"closed","template":"","meta":{"footnotes":""},"class_list":["post-33886","page","type-page","status-publish","has-post-thumbnail","hentry"],"aioseo_notices":[],"_links":{"self":[{"href":"https:\/\/nudify.info\/pt-br\/wp-json\/wp\/v2\/pages\/33886","targetHints":{"allow":["GET"]}}],"collection":[{"href":"https:\/\/nudify.info\/pt-br\/wp-json\/wp\/v2\/pages"}],"about":[{"href":"https:\/\/nudify.info\/pt-br\/wp-json\/wp\/v2\/types\/page"}],"author":[{"embeddable":true,"href":"https:\/\/nudify.info\/pt-br\/wp-json\/wp\/v2\/users\/1"}],"replies":[{"embeddable":true,"href":"https:\/\/nudify.info\/pt-br\/wp-json\/wp\/v2\/comments?post=33886"}],"version-history":[{"count":0,"href":"https:\/\/nudify.info\/pt-br\/wp-json\/wp\/v2\/pages\/33886\/revisions"}],"wp:featuredmedia":[{"embeddable":true,"href":"https:\/\/nudify.info\/pt-br\/wp-json\/wp\/v2\/media\/31596"}],"wp:attachment":[{"href":"https:\/\/nudify.info\/pt-br\/wp-json\/wp\/v2\/media?parent=33886"}],"curies":[{"name":"wp","href":"https:\/\/api.w.org\/{rel}","templated":true}]}}