{"id":33877,"date":"2024-09-14T10:53:11","date_gmt":"2024-09-14T18:53:11","guid":{"rendered":"https:\/\/nudify.info\/politica-de-privacidade-e-cookies\/"},"modified":"2024-09-09T04:30:13","modified_gmt":"2024-09-09T12:30:13","slug":"politica-de-privacidade-e-cookies","status":"publish","type":"page","link":"https:\/\/nudify.info\/pt-br\/politica-de-privacidade-e-cookies\/","title":{"rendered":"Pol\u00edtica de Privacidade e Cookies"},"content":{"rendered":"\n<p>Data de vig\u00eancia: 15 de setembro de 2023<\/p>\n\n<p>A Outsource IT Today (&#8220;n\u00f3s&#8221;, &#8220;n\u00f3s&#8221; ou &#8220;nosso&#8221;) opera o <strong>site https:\/\/nudify.info\/<\/strong> (o &#8220;Servi\u00e7o&#8221;).<\/p>\n\n<p>Esta p\u00e1gina informa sobre nossas pol\u00edticas relativas \u00e0 coleta, uso e divulga\u00e7\u00e3o de dados pessoais quando voc\u00ea usa nosso Servi\u00e7o e as op\u00e7\u00f5es que voc\u00ea associou a esses dados.\nNossa Pol\u00edtica de Privacidade para <strong>Terceirizar TI Hoje<\/strong> \u00e9 criada com a ajuda do site Pol\u00edtica de Privacidade Gratuita. <\/p>\n\n<p>Usamos seus dados para fornecer e melhorar o Servi\u00e7o.\nAo usar o Servi\u00e7o, voc\u00ea concorda com a coleta e uso de informa\u00e7\u00f5es de acordo com esta pol\u00edtica.\nSalvo defini\u00e7\u00e3o em contr\u00e1rio nesta Pol\u00edtica de Privacidade, os termos usados nesta Pol\u00edtica de Privacidade t\u00eam os mesmos significados que em nossos Termos e Condi\u00e7\u00f5es, acess\u00edveis a partir de https:\/\/nudify.info\/  <\/p>\n\n<h2 class=\"wp-block-heading\">Coleta e uso de informa\u00e7\u00f5es<\/h2>\n\n<p>Coletamos v\u00e1rios tipos diferentes de informa\u00e7\u00f5es para v\u00e1rios fins para fornecer e melhorar nosso Servi\u00e7o para voc\u00ea.<\/p>\n\n<h3 class=\"wp-block-heading\">Tipos de dados coletados<\/h3>\n\n<h4 class=\"wp-block-heading\">Dados pessoais<\/h4>\n\n<p>Ao usar nosso Servi\u00e7o, podemos solicitar que voc\u00ea nos forne\u00e7a certas informa\u00e7\u00f5es de identifica\u00e7\u00e3o pessoal que podem ser usadas para contat\u00e1-lo ou identific\u00e1-lo (&#8220;Dados Pessoais&#8221;).\nAs informa\u00e7\u00f5es de identifica\u00e7\u00e3o pessoal podem incluir, mas n\u00e3o est\u00e3o limitadas a: <\/p>\n\n<ul class=\"wp-block-list\">\n<li>Endere\u00e7o eletr\u00f4nico<\/li>\n\n\n\n<li>Nome e sobrenome<\/li>\n\n\n\n<li>Cookies e dados de uso<\/li>\n<\/ul>\n\n<h4 class=\"wp-block-heading\">Dados de uso<\/h4>\n\n<p>Tamb\u00e9m podemos coletar informa\u00e7\u00f5es sobre como o Servi\u00e7o \u00e9 acessado e usado (&#8220;Dados de Uso&#8221;).\nEsses Dados de Uso podem incluir informa\u00e7\u00f5es como o endere\u00e7o de protocolo de Internet do seu computador (por exemplo, endere\u00e7o IP), tipo de navegador, vers\u00e3o do navegador, as p\u00e1ginas do nosso Servi\u00e7o que voc\u00ea visita, a hora e a data da sua visita, o tempo gasto nessas p\u00e1ginas, identificadores exclusivos de dispositivo e outros dados de diagn\u00f3stico. <\/p>\n\n<h4 class=\"wp-block-heading\">Dados de rastreamento e cookies<\/h4>\n\n<p>Usamos cookies e tecnologias de rastreamento semelhantes para rastrear a atividade em nosso Servi\u00e7o e manter certas informa\u00e7\u00f5es.<\/p>\n\n<p>Cookies s\u00e3o arquivos com pequena quantidade de dados que podem incluir um identificador \u00fanico an\u00f4nimo.\nOs cookies s\u00e3o enviados para o seu navegador a partir de um site e armazenados no seu dispositivo.\nAs tecnologias de rastreamento tamb\u00e9m usadas s\u00e3o beacons, tags e scripts para coletar e rastrear informa\u00e7\u00f5es e melhorar e analisar nosso Servi\u00e7o.  <\/p>\n\n<p>Voc\u00ea pode instruir seu navegador a recusar todos os cookies ou a indicar quando um cookie est\u00e1 sendo enviado.\nNo entanto, se voc\u00ea n\u00e3o aceitar cookies, talvez n\u00e3o consiga usar algumas partes do nosso Servi\u00e7o. <\/p>\n\n<p>Exemplos de cookies que usamos:<\/p>\n\n<ul class=\"wp-block-list\">\n<li><strong>Cookies de sess\u00e3o.<\/strong>  Usamos cookies de sess\u00e3o para operar nosso servi\u00e7o.<\/li>\n\n\n\n<li><strong>Cookies de prefer\u00eancia.<\/strong>  Usamos cookies de prefer\u00eancia para lembrar suas prefer\u00eancias e v\u00e1rias configura\u00e7\u00f5es.<\/li>\n\n\n\n<li><strong>Cookies de seguran\u00e7a.<\/strong>  Usamos cookies de seguran\u00e7a para fins de seguran\u00e7a.<\/li>\n<\/ul>\n\n<p>Se voc\u00ea deixar um coment\u00e1rio em nosso site, poder\u00e1 optar por salvar seu nome, endere\u00e7o de e-mail e site em cookies.\nEstes s\u00e3o para sua conveni\u00eancia, para que voc\u00ea n\u00e3o precise preencher seus dados novamente ao deixar outro coment\u00e1rio.\nEsses cookies duram um ano.  <\/p>\n\n<p>Se voc\u00ea visitar nossa p\u00e1gina de login, definiremos um cookie tempor\u00e1rio para determinar se o seu navegador aceita cookies.\nEste cookie n\u00e3o cont\u00e9m dados pessoais e \u00e9 descartado quando voc\u00ea fecha o navegador. <\/p>\n\n<p>Quando voc\u00ea fizer login, tamb\u00e9m configuraremos v\u00e1rios cookies para salvar suas informa\u00e7\u00f5es de login e suas op\u00e7\u00f5es de exibi\u00e7\u00e3o na tela.\nOs cookies de login duram dois dias e os cookies de op\u00e7\u00f5es de tela duram um ano.\nSe voc\u00ea selecionar &#8220;Lembrar-me&#8221;, seu login persistir\u00e1 por duas semanas.\nSe voc\u00ea sair da sua conta, os cookies de login ser\u00e3o removidos.   <\/p>\n\n<p>Se voc\u00ea editar ou publicar um artigo, um cookie adicional ser\u00e1 salvo em seu navegador.\nEste cookie n\u00e3o inclui dados pessoais e simplesmente indica o ID da postagem do artigo que voc\u00ea acabou de editar.\nEle expira ap\u00f3s 1 dia.  <\/p>\n\n<h3 class=\"wp-block-heading\">Coment\u00e1rios<\/h3>\n\n<p>Quando os visitantes deixam coment\u00e1rios no site, coletamos os dados mostrados no formul\u00e1rio de coment\u00e1rios, e tamb\u00e9m o endere\u00e7o IP do visitante e a string do agente do usu\u00e1rio do navegador para ajudar na detec\u00e7\u00e3o de spam.<\/p>\n\n<p>Uma string an\u00f4nima criada a partir do seu endere\u00e7o de e-mail (tamb\u00e9m chamada de hash) pode ser fornecida ao servi\u00e7o Gravatar para ver se voc\u00ea a est\u00e1 usando.\nA pol\u00edtica de privacidade do servi\u00e7o Gravatar est\u00e1 dispon\u00edvel aqui: https:\/\/automattic.com\/privacy\/. Ap\u00f3s a aprova\u00e7\u00e3o do seu coment\u00e1rio, sua foto de perfil fica vis\u00edvel para o p\u00fablico no contexto do seu coment\u00e1rio. <\/p>\n\n<h2 class=\"wp-block-heading\">Uso de dados<\/h2>\n\n<p>A Outsource IT Today usa os dados coletados para diversos fins:<\/p>\n\n<ul class=\"wp-block-list\">\n<li>Para fornecer e manter o Servi\u00e7o<\/li>\n\n\n\n<li>Para notific\u00e1-lo sobre altera\u00e7\u00f5es em nosso Servi\u00e7o<\/li>\n\n\n\n<li>Para permitir que voc\u00ea participe de recursos interativos de nosso Servi\u00e7o quando voc\u00ea optar por faz\u00ea-lo<\/li>\n\n\n\n<li>Para fornecer atendimento e suporte ao cliente<\/li>\n\n\n\n<li>Para fornecer an\u00e1lises ou informa\u00e7\u00f5es valiosas para que possamos melhorar o Servi\u00e7o<\/li>\n\n\n\n<li>Para monitorar o uso do Servi\u00e7o<\/li>\n\n\n\n<li>Para detectar, prevenir e resolver problemas t\u00e9cnicos<\/li>\n<\/ul>\n\n<h2 class=\"wp-block-heading\">Transfer\u00eancia de dados<\/h2>\n\n<p>Suas informa\u00e7\u00f5es, incluindo Dados Pessoais, podem ser transferidas e mantidas em computadores localizados fora de seu estado, prov\u00edncia, pa\u00eds ou outra jurisdi\u00e7\u00e3o governamental onde as leis de prote\u00e7\u00e3o de dados podem diferir daquelas de sua jurisdi\u00e7\u00e3o.<\/p>\n\n<p>Se voc\u00ea estiver localizado fora dos Estados Unidos e optar por nos fornecer informa\u00e7\u00f5es, observe que transferimos os dados, incluindo Dados Pessoais, para os Estados Unidos e os processamos l\u00e1.<\/p>\n\n<p>Seu consentimento com esta Pol\u00edtica de Privacidade, seguido pelo envio de tais informa\u00e7\u00f5es, representa sua concord\u00e2ncia com essa transfer\u00eancia.<\/p>\n\n<p>A Outsource IT Today tomar\u00e1 todas as medidas razoavelmente necess\u00e1rias para garantir que seus dados sejam tratados com seguran\u00e7a e de acordo com esta Pol\u00edtica de Privacidade e nenhuma transfer\u00eancia de seus Dados Pessoais ocorrer\u00e1 para uma organiza\u00e7\u00e3o ou pa\u00eds, a menos que haja controles adequados em vigor, incluindo a seguran\u00e7a de seus dados e outras informa\u00e7\u00f5es pessoais.<\/p>\n\n<h3 class=\"wp-block-heading\">Com quem compartilhamos seus dados<\/h3>\n\n<p>Se voc\u00ea solicitar uma redefini\u00e7\u00e3o de senha, seu endere\u00e7o IP ser\u00e1 inclu\u00eddo no e-mail de redefini\u00e7\u00e3o.<\/p>\n\n<h2 class=\"wp-block-heading\">Divulga\u00e7\u00e3o de Dados<\/h2>\n\n<h3 class=\"wp-block-heading\">Requisitos legais<\/h3>\n\n<p>A Outsource IT Today pode divulgar seus Dados Pessoais na cren\u00e7a de boa f\u00e9 de que tal a\u00e7\u00e3o \u00e9 necess\u00e1ria para:<\/p>\n\n<ul class=\"wp-block-list\">\n<li>Para cumprir uma obriga\u00e7\u00e3o legal<\/li>\n\n\n\n<li>Para proteger e defender os direitos ou propriedade da Outsource IT Today<\/li>\n\n\n\n<li>Para prevenir ou investigar poss\u00edveis irregularidades relacionadas ao Servi\u00e7o<\/li>\n\n\n\n<li>Para proteger a seguran\u00e7a pessoal dos usu\u00e1rios do Servi\u00e7o ou do p\u00fablico<\/li>\n\n\n\n<li>Para se proteger contra responsabilidade legal<\/li>\n<\/ul>\n\n<h2 class=\"wp-block-heading\">Seguran\u00e7a dos dados<\/h2>\n\n<p>A seguran\u00e7a dos seus dados \u00e9 importante para n\u00f3s, mas lembre-se de que nenhum m\u00e9todo de transmiss\u00e3o pela Internet ou m\u00e9todo de armazenamento eletr\u00f4nico \u00e9 100% seguro.\nEmbora nos esforcemos para usar meios comercialmente aceit\u00e1veis para proteger seus Dados Pessoais, n\u00e3o podemos garantir sua seguran\u00e7a absoluta. <\/p>\n\n<h2 class=\"wp-block-heading\">Provedores de servi\u00e7os<\/h2>\n\n<p>Podemos empregar empresas e indiv\u00edduos terceirizados para facilitar nosso Servi\u00e7o (&#8220;Provedores de Servi\u00e7os&#8221;), para fornecer o Servi\u00e7o em nosso nome, para executar servi\u00e7os relacionados ao Servi\u00e7o ou para nos ajudar a analisar como nosso Servi\u00e7o \u00e9 usado.<\/p>\n\n<p>Esses terceiros t\u00eam acesso aos seus Dados Pessoais apenas para realizar essas tarefas em nosso nome e s\u00e3o obrigados a n\u00e3o divulg\u00e1-los ou us\u00e1-los para qualquer outra finalidade.<\/p>\n\n<h3 class=\"wp-block-heading\">Analytics<\/h3>\n\n<p>Podemos usar provedores de servi\u00e7os terceirizados para monitorar e analisar o uso de nosso servi\u00e7o.<\/p>\n\n<ul class=\"wp-block-list\">\n<li><strong>Google Analytics<\/strong><\/li>\n\n\n\n<li><strong>Statcounter<\/strong> \u00e9 uma ferramenta de an\u00e1lise de tr\u00e1fego da web.\nVoc\u00ea pode ler a Pol\u00edtica de Privacidade da Statcounter aqui: <a href=\"https:\/\/statcounter.com\/about\/legal\/\">https:\/\/statcounter.com\/about\/legal\/<\/a> <\/li>\n<\/ul>\n\n<h3 class=\"wp-block-heading\">Conte\u00fado incorporado de outros sites<\/h3>\n\n<p>Os artigos neste site podem incluir conte\u00fado incorporado (por exemplo, v\u00eddeos, imagens, artigos, etc.).\nO conte\u00fado incorporado de outros sites se comporta exatamente da mesma maneira como se o visitante tivesse visitado o outro site. <\/p>\n\n<p>Esses sites podem coletar dados sobre voc\u00ea, usar cookies, incorporar rastreamento adicional de terceiros e monitorar sua intera\u00e7\u00e3o com esse conte\u00fado incorporado, incluindo o rastreamento de sua intera\u00e7\u00e3o com o conte\u00fado incorporado se voc\u00ea tiver uma conta e estiver conectado a esse site.<\/p>\n\n<h2 class=\"wp-block-heading\">Links para outros sites<\/h2>\n\n<p>Nosso Servi\u00e7o pode conter links para outros sites que n\u00e3o s\u00e3o operados por n\u00f3s.\nSe voc\u00ea clicar em um link de terceiros, ser\u00e1 direcionado para o site desse terceiro.\nRecomendamos fortemente que voc\u00ea revise a Pol\u00edtica de Privacidade de todos os sites que visitar.  <\/p>\n\n<p>N\u00e3o temos controle e n\u00e3o assumimos nenhuma responsabilidade pelo conte\u00fado, pol\u00edticas de privacidade ou pr\u00e1ticas de quaisquer sites ou servi\u00e7os de terceiros.<\/p>\n\n<h2 class=\"wp-block-heading\">Privacidade das crian\u00e7as<\/h2>\n\n<p>Nosso Servi\u00e7o n\u00e3o se dirige a menores de 18 anos (&#8220;Crian\u00e7as&#8221;).<\/p>\n\n<p>N\u00e3o coletamos intencionalmente informa\u00e7\u00f5es de identifica\u00e7\u00e3o pessoal de menores de 18 anos.\nSe voc\u00ea \u00e9 pai ou respons\u00e1vel e est\u00e1 ciente de que seus filhos nos forneceram Dados Pessoais, entre em contato conosco.\nSe tomarmos conhecimento de que coletamos Dados Pessoais de crian\u00e7as sem verifica\u00e7\u00e3o do consentimento dos pais, tomaremos medidas para remover essas informa\u00e7\u00f5es de nossos servidores.  <\/p>\n\n<h2 class=\"wp-block-heading\">Altera\u00e7\u00f5es a esta Pol\u00edtica de Privacidade<\/h2>\n\n<p>Podemos atualizar nossa Pol\u00edtica de Privacidade de tempos em tempos.\nIremos notific\u00e1-lo de quaisquer altera\u00e7\u00f5es publicando a nova Pol\u00edtica de Privacidade nesta p\u00e1gina. <\/p>\n\n<p>Informaremos voc\u00ea por e-mail e\/ou um aviso em destaque em nosso Servi\u00e7o, antes que a altera\u00e7\u00e3o entre em vigor e atualizaremos a &#8220;data de vig\u00eancia&#8221; na parte superior desta Pol\u00edtica de Privacidade.<\/p>\n\n<p>Aconselhamos que voc\u00ea revise esta Pol\u00edtica de Privacidade periodicamente para quaisquer altera\u00e7\u00f5es.\nAs altera\u00e7\u00f5es a esta Pol\u00edtica de Privacidade entram em vigor quando s\u00e3o publicadas nesta p\u00e1gina. <\/p>\n\n<h2 class=\"wp-block-heading\">Contate-nos<\/h2>\n\n<p>Se voc\u00ea tiver alguma d\u00favida sobre esta Pol\u00edtica de Privacidade, entre em contato conosco:<\/p>\n\n<ul class=\"wp-block-list\">\n<li>Por e-mail: <strong>editor@outsourceit.today<\/strong><\/li>\n<\/ul>\n","protected":false},"excerpt":{"rendered":"<p>Data de vig\u00eancia: 15 de setembro de 2023 A Outsource IT Today (&#8220;n\u00f3s&#8221;, &#8220;n\u00f3s&#8221; ou &#8220;nosso&#8221;) opera o site https:\/\/nudify.info\/ (o &#8220;Servi\u00e7o&#8221;). Esta p\u00e1gina informa sobre nossas pol\u00edticas relativas \u00e0 coleta, uso e divulga\u00e7\u00e3o de dados pessoais quando voc\u00ea usa nosso Servi\u00e7o e as op\u00e7\u00f5es que voc\u00ea associou a esses dados. Nossa Pol\u00edtica de Privacidade [&hellip;]<\/p>\n","protected":false},"author":1,"featured_media":0,"parent":0,"menu_order":0,"comment_status":"closed","ping_status":"closed","template":"","meta":{"footnotes":""},"class_list":["post-33877","page","type-page","status-publish","hentry"],"aioseo_notices":[],"_links":{"self":[{"href":"https:\/\/nudify.info\/pt-br\/wp-json\/wp\/v2\/pages\/33877","targetHints":{"allow":["GET"]}}],"collection":[{"href":"https:\/\/nudify.info\/pt-br\/wp-json\/wp\/v2\/pages"}],"about":[{"href":"https:\/\/nudify.info\/pt-br\/wp-json\/wp\/v2\/types\/page"}],"author":[{"embeddable":true,"href":"https:\/\/nudify.info\/pt-br\/wp-json\/wp\/v2\/users\/1"}],"replies":[{"embeddable":true,"href":"https:\/\/nudify.info\/pt-br\/wp-json\/wp\/v2\/comments?post=33877"}],"version-history":[{"count":0,"href":"https:\/\/nudify.info\/pt-br\/wp-json\/wp\/v2\/pages\/33877\/revisions"}],"wp:attachment":[{"href":"https:\/\/nudify.info\/pt-br\/wp-json\/wp\/v2\/media?parent=33877"}],"curies":[{"name":"wp","href":"https:\/\/api.w.org\/{rel}","templated":true}]}}