{"id":33865,"date":"2023-03-06T05:47:04","date_gmt":"2023-03-06T13:47:04","guid":{"rendered":"https:\/\/nudify.info\/formulario-de-solicitacao-de-acesso-do-titular-dos-dados\/"},"modified":"2024-09-09T04:29:31","modified_gmt":"2024-09-09T12:29:31","slug":"formulario-de-solicitacao-de-acesso-do-titular-dos-dados","status":"publish","type":"page","link":"https:\/\/nudify.info\/pt-br\/formulario-de-solicitacao-de-acesso-do-titular-dos-dados\/","title":{"rendered":"Formul\u00e1rio de solicita\u00e7\u00e3o de acesso do titular dos dados"},"content":{"rendered":"\n<p>Por favor, preencha as informa\u00e7\u00f5es abaixo.\nO administrador do site ou o respons\u00e1vel pela prote\u00e7\u00e3o de dados ser\u00e1 notificado sobre sua solicita\u00e7\u00e3o dentro de 24 horas e precisar\u00e1 de um tempo adequado para responder. <\/p>\n\n<div class=\"wp-block-contact-form-7-contact-form-selector\"><p class=\"wpcf7-contact-form-not-found\"><strong>Erro:<\/strong> Formul\u00e1rio de contato n\u00e3o encontrado.<\/p><\/div>\n","protected":false},"excerpt":{"rendered":"<p>Por favor, preencha as informa\u00e7\u00f5es abaixo. O administrador do site ou o respons\u00e1vel pela prote\u00e7\u00e3o de dados ser\u00e1 notificado sobre sua solicita\u00e7\u00e3o dentro de 24 horas e precisar\u00e1 de um tempo adequado para responder.<\/p>\n","protected":false},"author":1,"featured_media":0,"parent":0,"menu_order":0,"comment_status":"closed","ping_status":"closed","template":"","meta":{"footnotes":""},"class_list":["post-33865","page","type-page","status-publish","hentry"],"aioseo_notices":[],"_links":{"self":[{"href":"https:\/\/nudify.info\/pt-br\/wp-json\/wp\/v2\/pages\/33865","targetHints":{"allow":["GET"]}}],"collection":[{"href":"https:\/\/nudify.info\/pt-br\/wp-json\/wp\/v2\/pages"}],"about":[{"href":"https:\/\/nudify.info\/pt-br\/wp-json\/wp\/v2\/types\/page"}],"author":[{"embeddable":true,"href":"https:\/\/nudify.info\/pt-br\/wp-json\/wp\/v2\/users\/1"}],"replies":[{"embeddable":true,"href":"https:\/\/nudify.info\/pt-br\/wp-json\/wp\/v2\/comments?post=33865"}],"version-history":[{"count":0,"href":"https:\/\/nudify.info\/pt-br\/wp-json\/wp\/v2\/pages\/33865\/revisions"}],"wp:attachment":[{"href":"https:\/\/nudify.info\/pt-br\/wp-json\/wp\/v2\/media?parent=33865"}],"curies":[{"name":"wp","href":"https:\/\/api.w.org\/{rel}","templated":true}]}}