{"id":33889,"date":"2025-02-14T09:09:39","date_gmt":"2025-02-14T17:09:39","guid":{"rendered":"https:\/\/nudify.info\/o-nas\/"},"modified":"2024-09-09T04:31:57","modified_gmt":"2024-09-09T12:31:57","slug":"o-nas","status":"publish","type":"page","link":"https:\/\/nudify.info\/pl\/o-nas\/","title":{"rendered":"O nas"},"content":{"rendered":"\n<p>Dzi\u0119kujemy za odwiedzenie bloga Nudify Info.\nJestem pewna, \u017ce chcia\u0142by\u015b wiedzie\u0107 o nas wi\u0119cej. <\/p>\n\n<p>Pragniemy poinformowa\u0107, \u017ce wydawca <strong>&#8220;<strong>Nudify Info<\/strong>&#8220;<\/strong> to platforma dla entuzjast\u00f3w sztucznej inteligencji badaj\u0105cych technologie generowania obraz\u00f3w, film\u00f3w i d\u017awi\u0119k\u00f3w.\nPracujemy w tym obszarze od 2021 roku, kiedy to opublikowali\u015bmy nasze pierwsze badania na temat oryginalnej aplikacji Deepnude. <\/p>\n\n<blockquote class=\"wp-block-quote is-layout-flow wp-block-quote-is-layout-flow\">\n<p>Zaufaj profesjonalistom z do\u015bwiadczeniem!<\/p>\n<\/blockquote>\n\n<p>Artyku\u0142y na tej stronie s\u0105 monitorowane przez <strong>profesjonalny zesp\u00f3\u0142, kt\u00f3ry przejrza\u0142<\/strong> ponad 170 p\u0142atnych\/bezp\u0142atnych wygenerowanych sztucznych inteligencji.\nUwa\u017caj na informacje o amatorskich witrynach, kt\u00f3re dzia\u0142aj\u0105 bez specjalistycznej wiedzy. <\/p>\n\n<p class=\"star\">Zapewnione s\u0105 dok\u0142adne wyja\u015bnienia wraz z ilustracjami, dzi\u0119ki czemu nawet pocz\u0105tkuj\u0105cy, kt\u00f3rzy nie s\u0105 zaznajomieni z generowaniem AI, mog\u0105 \u0142atwo zrozumie\u0107!<br\/>Struktura witryny u\u0142atwia korzystanie z narz\u0119dzi AI i bot\u00f3w bez znajomo\u015bci z\u0142o\u017conej terminologii lub wiedzy technicznej.<\/p>\n\n<blockquote class=\"wp-block-quote is-layout-flow wp-block-quote-is-layout-flow\">\n<p>[Led by a team specialized in generative AI]  Dostarczanie wysoce wiarygodnych informacji poprzez eksperymenty demonstracyjne.  <\/p>\n<\/blockquote>\n\n<h2 class=\"wp-block-heading\">Informacje o informacjach Nudify<\/h2>\n\n<p>Mamy kilka metodologii, kt\u00f3re stosujemy, aby sporz\u0105dzi\u0107 list\u0119 najlepszych agencji IT.\nPosiadamy zesp\u00f3\u0142 ekspert\u00f3w analityk\u00f3w, kt\u00f3ry jest odpowiedzialny za dostarczanie wiarygodnych danych poprzez przeprowadzanie dog\u0142\u0119bnych bada\u0144 us\u0142ug wiod\u0105cych firm, portfolio przemys\u0142owego, opinii klient\u00f3w ze stron internetowych i witryn z recenzjami stron trzecich oraz innych witryn z recenzjami najwy\u017cszego poziomu. <\/p>\n\n<p>Mo\u017cesz wys\u0142a\u0107 dane swojej firmy (z unikalnym przegl\u0105dem), tak jak wspomnieli\u015bmy o innych firmach, wraz z obrazem logo firmy (300&#215;300 px).<\/p>\n\n<p>Prosimy o udost\u0119pnienie informacji o firmie w poni\u017cszym formacie:<\/p>\n\n<ul class=\"wp-block-list\">\n<li>Og\u00f3lne informacje o firmie:<\/li>\n\n\n\n<li>Us\u0142ugi \u015bwiadczone przez Twoj\u0105 firm\u0119:<\/li>\n\n\n\n<li>Adres URL strony internetowej:<\/li>\n\n\n\n<li>Rok za\u0142o\u017cenia (rok):<\/li>\n\n\n\n<li>Pracownik\u00f3w:<\/li>\n\n\n\n<li>E-mail:<\/li>\n\n\n\n<li>Kontaktowy numer telefonu:<\/li>\n\n\n\n<li>Lokalizacje:<\/li>\n\n\n\n<li>Stawka godzinowa:<\/li>\n\n\n\n<li>Kluczowi klienci:<\/li>\n<\/ul>\n\n<p>Odwied\u017a nasz\u0105 stron\u0119 internetow\u0105, aby zapozna\u0107 si\u0119 na przyk\u0142ad z informacjami o innych firmach.<\/p>\n\n<h2 class=\"wp-block-heading\">Skontaktuj si\u0119 z nami<\/h2>\n\n<p>Jeste\u015bmy dost\u0119pni na wszystkich popularnych kana\u0142ach spo\u0142eczno\u015bciowych.\nMo\u017cesz do\u0142\u0105czy\u0107 do nas na poni\u017cszych kana\u0142ach, przywita\u0107 si\u0119 z nami i by\u0107 na bie\u017c\u0105co! <\/p>\n\n<ul class=\"wp-block-list\">\n<li><a href=\"https:\/\/nudify.info\/contact\/\"><\/a><a href=\"https:\/\/nudify.info\/contact\/\">Formularz kontaktowy<\/a><\/li>\n\n\n\n<li>Lokalizacja biura: <u>Ankara, Turcja<\/u><\/li>\n<\/ul>\n\n<p><strong>Nasze szybkie statystyki:<\/strong><\/p>\n\n<ul class=\"wp-block-list\">\n<li>230 tys+ ods\u0142on miesi\u0119cznie;<\/li>\n\n\n\n<li>4100+ obserwuj\u0105cych na Telegramie, Facebooku, Twitterze i LinkedIn;<\/li>\n\n\n\n<li>220+ subskrybent\u00f3w poczty e-mail i RSS;<\/li>\n\n\n\n<li>Najbardziej interaktywny portal ze 140+ stronami;<\/li>\n\n\n\n<li>Od 2021 roku \u2013 Jeden z najbardziej zaufanych portali z recenzjami DeepNude.<\/li>\n<\/ul>\n\n<p>Jeste\u015bmy bardzo dumni z tego, \u017ce nawi\u0105zali\u015bmy wsp\u00f3\u0142prac\u0119 z <a href=\"https:\/\/savelife.in.ua\/en\/donate-en\/\" target=\"_blank\" rel=\"noopener nofollow\">Fundacj\u0105 Come Back Alive<\/a> , czyli za ka\u017cdy post, kt\u00f3ry tworzymy dla wszystkich naszych klient\u00f3w i kontrahent\u00f3w, <em>pomagamy r\u00f3wnie\u017c Ukrainie<\/em>.  <\/p>\n\n<h3 class=\"wp-block-heading\">Jakie\u015b sugestie dla nas?<\/h3>\n\n<p>Je\u015bli masz dla nas jakie\u015b sugestie lub rady, ch\u0119tnie ich wys\u0142uchamy.<\/p>\n\n<p>Wi\u0119c oto jest,<strong> &#8220;Nudify Info&#8221;<\/strong> \u2013 blog techniczny AI dla os\u00f3b, kt\u00f3re kochaj\u0105 DeepNude i DeepFake poza ba\u0144k\u0105.<\/p>\n","protected":false},"excerpt":{"rendered":"<p>Dzi\u0119kujemy za odwiedzenie bloga Nudify Info. Jestem pewna, \u017ce chcia\u0142by\u015b wiedzie\u0107 o nas wi\u0119cej. Pragniemy poinformowa\u0107, \u017ce wydawca &#8220;Nudify Info&#8220; to platforma dla entuzjast\u00f3w sztucznej inteligencji badaj\u0105cych technologie generowania obraz\u00f3w, film\u00f3w i d\u017awi\u0119k\u00f3w. Pracujemy w tym obszarze od 2021 roku, kiedy to opublikowali\u015bmy nasze pierwsze badania na temat oryginalnej aplikacji Deepnude. Zaufaj profesjonalistom z do\u015bwiadczeniem! [&hellip;]<\/p>\n","protected":false},"author":1,"featured_media":31595,"parent":0,"menu_order":0,"comment_status":"closed","ping_status":"closed","template":"","meta":{"footnotes":""},"class_list":["post-33889","page","type-page","status-publish","has-post-thumbnail","hentry"],"aioseo_notices":[],"_links":{"self":[{"href":"https:\/\/nudify.info\/pl\/wp-json\/wp\/v2\/pages\/33889","targetHints":{"allow":["GET"]}}],"collection":[{"href":"https:\/\/nudify.info\/pl\/wp-json\/wp\/v2\/pages"}],"about":[{"href":"https:\/\/nudify.info\/pl\/wp-json\/wp\/v2\/types\/page"}],"author":[{"embeddable":true,"href":"https:\/\/nudify.info\/pl\/wp-json\/wp\/v2\/users\/1"}],"replies":[{"embeddable":true,"href":"https:\/\/nudify.info\/pl\/wp-json\/wp\/v2\/comments?post=33889"}],"version-history":[{"count":0,"href":"https:\/\/nudify.info\/pl\/wp-json\/wp\/v2\/pages\/33889\/revisions"}],"wp:featuredmedia":[{"embeddable":true,"href":"https:\/\/nudify.info\/pl\/wp-json\/wp\/v2\/media\/31595"}],"wp:attachment":[{"href":"https:\/\/nudify.info\/pl\/wp-json\/wp\/v2\/media?parent=33889"}],"curies":[{"name":"wp","href":"https:\/\/api.w.org\/{rel}","templated":true}]}}