{"id":33868,"date":"2023-03-06T05:47:04","date_gmt":"2023-03-06T13:47:04","guid":{"rendered":"https:\/\/nudify.info\/formularz-wniosku-o-dostep-do-danych-dla-osoby-ktorej-dane-dotycza\/"},"modified":"2024-09-09T04:29:37","modified_gmt":"2024-09-09T12:29:37","slug":"formularz-wniosku-o-dostep-do-danych-dla-osoby-ktorej-dane-dotycza","status":"publish","type":"page","link":"https:\/\/nudify.info\/pl\/formularz-wniosku-o-dostep-do-danych-dla-osoby-ktorej-dane-dotycza\/","title":{"rendered":"Formularz wniosku o dost\u0119p do danych dla osoby, kt\u00f3rej dane dotycz\u0105"},"content":{"rendered":"\n<p>Prosimy o wype\u0142nienie poni\u017cszych informacji.\nAdministrator strony internetowej lub inspektor ochrony danych zostanie powiadomiony o Twoim \u017c\u0105daniu w ci\u0105gu 24 godzin i b\u0119dzie potrzebowa\u0142 odpowiedniej ilo\u015bci czasu na udzielenie odpowiedzi. <\/p>\n\n<div class=\"wp-block-contact-form-7-contact-form-selector\"><p class=\"wpcf7-contact-form-not-found\"><strong>B\u0142\u0105d:<\/strong> Brak formularza kontaktowego.<\/p><\/div>\n","protected":false},"excerpt":{"rendered":"<p>Prosimy o wype\u0142nienie poni\u017cszych informacji. Administrator strony internetowej lub inspektor ochrony danych zostanie powiadomiony o Twoim \u017c\u0105daniu w ci\u0105gu 24 godzin i b\u0119dzie potrzebowa\u0142 odpowiedniej ilo\u015bci czasu na udzielenie odpowiedzi.<\/p>\n","protected":false},"author":1,"featured_media":0,"parent":0,"menu_order":0,"comment_status":"closed","ping_status":"closed","template":"","meta":{"footnotes":""},"class_list":["post-33868","page","type-page","status-publish","hentry"],"aioseo_notices":[],"_links":{"self":[{"href":"https:\/\/nudify.info\/pl\/wp-json\/wp\/v2\/pages\/33868","targetHints":{"allow":["GET"]}}],"collection":[{"href":"https:\/\/nudify.info\/pl\/wp-json\/wp\/v2\/pages"}],"about":[{"href":"https:\/\/nudify.info\/pl\/wp-json\/wp\/v2\/types\/page"}],"author":[{"embeddable":true,"href":"https:\/\/nudify.info\/pl\/wp-json\/wp\/v2\/users\/1"}],"replies":[{"embeddable":true,"href":"https:\/\/nudify.info\/pl\/wp-json\/wp\/v2\/comments?post=33868"}],"version-history":[{"count":0,"href":"https:\/\/nudify.info\/pl\/wp-json\/wp\/v2\/pages\/33868\/revisions"}],"wp:attachment":[{"href":"https:\/\/nudify.info\/pl\/wp-json\/wp\/v2\/media?parent=33868"}],"curies":[{"name":"wp","href":"https:\/\/api.w.org\/{rel}","templated":true}]}}