{"id":33813,"date":"2024-09-14T10:53:11","date_gmt":"2024-09-14T18:53:11","guid":{"rendered":"https:\/\/nudify.info\/polityka-prywatnosci-i-plikow-cookie\/"},"modified":"2024-09-09T04:24:51","modified_gmt":"2024-09-09T12:24:51","slug":"polityka-prywatnosci-i-plikow-cookie","status":"publish","type":"page","link":"https:\/\/nudify.info\/pl\/polityka-prywatnosci-i-plikow-cookie\/","title":{"rendered":"Polityka prywatno\u015bci i plik\u00f3w cookie"},"content":{"rendered":"\n<p>Data wej\u015bcia w \u017cycie: 15 wrze\u015bnia 2023 r.<\/p>\n\n<p>Outsource IT Today (&#8220;nas&#8221;, &#8220;my&#8221; lub &#8220;nasz&#8221;) prowadzi <strong>https:\/\/nudify.info\/<\/strong> stron\u0119 internetow\u0105 (&#8220;Us\u0142uga&#8221;).<\/p>\n\n<p>Na tej stronie znajduj\u0105 si\u0119 informacje o naszych zasadach dotycz\u0105cych gromadzenia, wykorzystywania i ujawniania danych osobowych podczas korzystania z naszej Us\u0142ugi oraz o wyborach, kt\u00f3re u\u017cytkownik powi\u0105za\u0142 z tymi danymi.\nNasza Polityka Prywatno\u015bci dla <strong>Outsource IT Today<\/strong> jest tworzona przy pomocy bezp\u0142atnej strony internetowej Polityka Prywatno\u015bci. <\/p>\n\n<p>Wykorzystujemy Twoje dane w celu \u015bwiadczenia i ulepszania Us\u0142ugi.\nKorzystaj\u0105c z Us\u0142ugi, wyra\u017casz zgod\u0119 na gromadzenie i wykorzystywanie informacji zgodnie z niniejsz\u0105 polityk\u0105.\nO ile w niniejszej Polityce Prywatno\u015bci nie okre\u015blono inaczej, terminy u\u017cyte w niniejszej Polityce Prywatno\u015bci maj\u0105 takie samo znaczenie, jak w naszym Regulaminie, dost\u0119pnym pod adresem https:\/\/nudify.info\/  <\/p>\n\n<h2 class=\"wp-block-heading\">Gromadzenie i wykorzystywanie informacji<\/h2>\n\n<p>Gromadzimy kilka r\u00f3\u017cnych rodzaj\u00f3w informacji w r\u00f3\u017cnych celach, aby zapewni\u0107 i ulepszy\u0107 nasz\u0105 Us\u0142ug\u0119.<\/p>\n\n<h3 class=\"wp-block-heading\">Rodzaje gromadzonych danych<\/h3>\n\n<h4 class=\"wp-block-heading\">Dane osobowe<\/h4>\n\n<p>Podczas korzystania z naszej Us\u0142ugi mo\u017cemy poprosi\u0107 Ci\u0119 o podanie nam pewnych danych osobowych, kt\u00f3re mog\u0105 by\u0107 wykorzystane do skontaktowania si\u0119 z Tob\u0105 lub zidentyfikowania Ci\u0119 (&#8220;Dane osobowe&#8221;).\nDane osobowe mog\u0105 obejmowa\u0107 mi\u0119dzy innymi: <\/p>\n\n<ul class=\"wp-block-list\">\n<li>Adres e-mail<\/li>\n\n\n\n<li>Imi\u0119 i nazwisko<\/li>\n\n\n\n<li>Pliki cookie i dane dotycz\u0105ce u\u017cytkowania<\/li>\n<\/ul>\n\n<h4 class=\"wp-block-heading\">Dane o u\u017cytkowaniu<\/h4>\n\n<p>Mo\u017cemy r\u00f3wnie\u017c gromadzi\u0107 informacje o tym, w jaki spos\u00f3b uzyskuje si\u0119 dost\u0119p do Us\u0142ugi i jak z niej korzysta (&#8220;Dane dotycz\u0105ce u\u017cytkowania&#8221;).\nDane o u\u017cytkowaniu mog\u0105 obejmowa\u0107 takie informacje, jak adres IP komputera u\u017cytkownika (np. adres IP), typ przegl\u0105darki, wersja przegl\u0105darki, odwiedzane strony naszej Us\u0142ugi, godzina i data wizyty, czas sp\u0119dzony na tych stronach, unikalne identyfikatory urz\u0105dzenia i inne dane diagnostyczne. <\/p>\n\n<h4 class=\"wp-block-heading\">Dane \u015bledzenia i pliki cookie<\/h4>\n\n<p>U\u017cywamy plik\u00f3w cookie i podobnych technologii \u015bledzenia w celu \u015bledzenia aktywno\u015bci w naszej Us\u0142udze i przechowywania okre\u015blonych informacji.<\/p>\n\n<p>Pliki cookie to pliki zawieraj\u0105ce niewielk\u0105 ilo\u015b\u0107 danych, kt\u00f3re mog\u0105 zawiera\u0107 anonimowy unikalny identyfikator.\nPliki cookie s\u0105 wysy\u0142ane do przegl\u0105darki u\u017cytkownika ze strony internetowej i przechowywane na urz\u0105dzeniu u\u017cytkownika.\nWykorzystywane s\u0105 r\u00f3wnie\u017c technologie \u015bledzenia, takie jak sygna\u0142y nawigacyjne, znaczniki i skrypty s\u0142u\u017c\u0105ce do zbierania i \u015bledzenia informacji oraz do ulepszania i analizowania naszej Us\u0142ugi.  <\/p>\n\n<p>Mo\u017cesz poinstruowa\u0107 swoj\u0105 przegl\u0105dark\u0119, aby odrzuca\u0142a wszystkie pliki cookie lub informowa\u0142a, kiedy plik cookie jest wysy\u0142any.\nJe\u015bli jednak nie zaakceptujesz plik\u00f3w cookie, mo\u017cesz nie by\u0107 w stanie korzysta\u0107 z niekt\u00f3rych cz\u0119\u015bci naszej Us\u0142ugi. <\/p>\n\n<p>Przyk\u0142ady u\u017cywanych przez nas plik\u00f3w cookie:<\/p>\n\n<ul class=\"wp-block-list\">\n<li><strong>Sesyjne pliki cookie.<\/strong>  U\u017cywamy sesyjnych plik\u00f3w cookie do obs\u0142ugi naszego Serwisu.<\/li>\n\n\n\n<li><strong>Preferencyjne pliki cookie.<\/strong>  U\u017cywamy preferencyjnych plik\u00f3w cookie, aby zapami\u0119ta\u0107 Twoje preferencje i r\u00f3\u017cne ustawienia.<\/li>\n\n\n\n<li><strong>Pliki cookie zwi\u0105zane z bezpiecze\u0144stwem.<\/strong>  U\u017cywamy plik\u00f3w cookie zwi\u0105zanych z bezpiecze\u0144stwem w celach bezpiecze\u0144stwa.<\/li>\n<\/ul>\n\n<p>Je\u015bli zostawisz komentarz na naszej stronie, mo\u017cesz wyrazi\u0107 zgod\u0119 na zapisywanie swojego imienia i nazwiska, adresu e-mail i strony internetowej w plikach cookie.\nS\u0105 one dla Twojej wygody, aby\u015b nie musia\u0142 ponownie wype\u0142nia\u0107 swoich danych, gdy zostawiasz kolejny komentarz.\nTe pliki cookie b\u0119d\u0105 przechowywane przez jeden rok.  <\/p>\n\n<p>Je\u015bli odwiedzisz nasz\u0105 stron\u0119 logowania, ustawimy tymczasowy plik cookie, aby okre\u015bli\u0107, czy Twoja przegl\u0105darka akceptuje pliki cookie.\nTen plik cookie nie zawiera \u017cadnych danych osobowych i jest usuwany po zamkni\u0119ciu przegl\u0105darki. <\/p>\n\n<p>Gdy si\u0119 zalogujesz, ustawimy r\u00f3wnie\u017c kilka plik\u00f3w cookie, aby zapisa\u0107 Twoje dane logowania i wybory dotycz\u0105ce wy\u015bwietlania na ekranie.\nPliki cookie logowania s\u0105 przechowywane przez dwa dni, a pliki cookie opcji ekranu s\u0105 wa\u017cne przez rok.\nJe\u015bli wybierzesz opcj\u0119 &#8220;Zapami\u0119taj mnie&#8221;, Tw\u00f3j login b\u0119dzie obowi\u0105zywa\u0142 przez dwa tygodnie.\nJe\u015bli wylogujesz si\u0119 ze swojego konta, pliki cookie logowania zostan\u0105 usuni\u0119te.   <\/p>\n\n<p>Je\u015bli edytujesz lub publikujesz artyku\u0142, w Twojej przegl\u0105darce zostanie zapisany dodatkowy plik cookie.\nTen plik cookie nie zawiera \u017cadnych danych osobowych i po prostu wskazuje identyfikator posta artyku\u0142u, kt\u00f3ry w\u0142a\u015bnie edytowa\u0142e\u015b.\nWygasa po 1 dniu.  <\/p>\n\n<h3 class=\"wp-block-heading\">Komentarze<\/h3>\n\n<p>Gdy odwiedzaj\u0105cy zostawiaj\u0105 komentarze na stronie, zbieramy dane wy\u015bwietlane w formularzu komentarzy, a tak\u017ce adres IP odwiedzaj\u0105cego i ci\u0105g agenta u\u017cytkownika przegl\u0105darki, aby pom\u00f3c w wykrywaniu spamu.<\/p>\n\n<p>Zanonimizowany ci\u0105g znak\u00f3w utworzony na podstawie adresu e-mail u\u017cytkownika (zwany r\u00f3wnie\u017c skr\u00f3tem) mo\u017ce zosta\u0107 dostarczony do us\u0142ugi Gravatar w celu sprawdzenia, czy u\u017cytkownik z niej korzysta.\nPolityka prywatno\u015bci us\u0142ugi Gravatar jest dost\u0119pna tutaj: https:\/\/automattic.com\/privacy\/. Po zatwierdzeniu komentarza Twoje zdj\u0119cie profilowe jest widoczne publicznie w kontek\u015bcie Twojego komentarza. <\/p>\n\n<h2 class=\"wp-block-heading\">Wykorzystanie danych<\/h2>\n\n<p>Outsource IT Today wykorzystuje zebrane dane do r\u00f3\u017cnych cel\u00f3w:<\/p>\n\n<ul class=\"wp-block-list\">\n<li>W celu \u015bwiadczenia i utrzymywania Us\u0142ugi<\/li>\n\n\n\n<li>Powiadamianie u\u017cytkownika o zmianach w naszej Us\u0142udze<\/li>\n\n\n\n<li>Aby umo\u017cliwi\u0107 Ci korzystanie z interaktywnych funkcji naszej Us\u0142ugi, je\u015bli tylko si\u0119 na to zdecydujesz<\/li>\n\n\n\n<li>Zapewnienie obs\u0142ugi klienta i wsparcia<\/li>\n\n\n\n<li>W celu dostarczania analiz lub cennych informacji, aby\u015bmy mogli ulepsza\u0107 Us\u0142ug\u0119<\/li>\n\n\n\n<li>Monitorowanie korzystania z Us\u0142ugi<\/li>\n\n\n\n<li>Wykrywanie, zapobieganie i rozwi\u0105zywanie problem\u00f3w technicznych<\/li>\n<\/ul>\n\n<h2 class=\"wp-block-heading\">Przekazywanie danych<\/h2>\n\n<p>Informacje o u\u017cytkowniku, w tym dane osobowe, mog\u0105 by\u0107 przesy\u0142ane i przechowywane na komputerach znajduj\u0105cych si\u0119 poza stanem, prowincj\u0105, krajem lub inn\u0105 jurysdykcj\u0105 rz\u0105dow\u0105 u\u017cytkownika, w kt\u00f3rej przepisy o ochronie danych mog\u0105 r\u00f3\u017cni\u0107 si\u0119 od przepis\u00f3w obowi\u0105zuj\u0105cych w jurysdykcji u\u017cytkownika.<\/p>\n\n<p>Je\u015bli u\u017cytkownik znajduje si\u0119 poza Stanami Zjednoczonymi i zdecyduje si\u0119 przekaza\u0107 nam informacje, nale\u017cy pami\u0119ta\u0107, \u017ce przekazujemy dane, w tym dane osobowe, do Stan\u00f3w Zjednoczonych i tam je przetwarzamy.<\/p>\n\n<p>Wyra\u017cenie zgody na niniejsz\u0105 Polityk\u0119 prywatno\u015bci, a nast\u0119pnie przes\u0142anie takich informacji jest r\u00f3wnoznaczne z wyra\u017ceniem zgody na takie przekazanie.<\/p>\n\n<p>Outsource IT Today podejmie wszelkie niezb\u0119dne kroki w celu zapewnienia, \u017ce Twoje dane s\u0105 traktowane w spos\u00f3b bezpieczny i zgodny z niniejsz\u0105 Polityk\u0105 prywatno\u015bci, a \u017cadne dane osobowe nie b\u0119d\u0105 przekazywane do organizacji lub kraju, chyba \u017ce zostan\u0105 wdro\u017cone odpowiednie \u015brodki kontroli, w tym bezpiecze\u0144stwo Twoich danych i innych danych osobowych.<\/p>\n\n<h3 class=\"wp-block-heading\">Komu udost\u0119pniamy Twoje dane<\/h3>\n\n<p>Je\u015bli poprosisz o zresetowanie has\u0142a, Tw\u00f3j adres IP zostanie uwzgl\u0119dniony w wiadomo\u015bci e-mail dotycz\u0105cej resetowania.<\/p>\n\n<h2 class=\"wp-block-heading\">Ujawnianie danych<\/h2>\n\n<h3 class=\"wp-block-heading\">Wymogi prawne<\/h3>\n\n<p>Outsource IT Today mo\u017ce ujawni\u0107 Pa\u0144stwa dane osobowe w dobrej wierze, \u017ce takie dzia\u0142anie jest konieczne, aby:<\/p>\n\n<ul class=\"wp-block-list\">\n<li>W celu wywi\u0105zania si\u0119 z obowi\u0105zku prawnego<\/li>\n\n\n\n<li>W celu ochrony i obrony praw lub w\u0142asno\u015bci Outsource IT Today<\/li>\n\n\n\n<li>W celu zapobiegania ewentualnym nadu\u017cyciom w zwi\u0105zku z Us\u0142ug\u0105 lub prowadzenia dochodze\u0144 w ich sprawie<\/li>\n\n\n\n<li>W celu ochrony bezpiecze\u0144stwa osobistego u\u017cytkownik\u00f3w Serwisu lub og\u00f3\u0142u spo\u0142ecze\u0144stwa<\/li>\n\n\n\n<li>W celu ochrony przed odpowiedzialno\u015bci\u0105 prawn\u0105<\/li>\n<\/ul>\n\n<h2 class=\"wp-block-heading\">Bezpiecze\u0144stwo danych<\/h2>\n\n<p>Bezpiecze\u0144stwo Twoich danych jest dla nas wa\u017cne, ale pami\u0119taj, \u017ce \u017cadna metoda transmisji przez Internet, ani metoda elektronicznego przechowywania nie jest w 100% bezpieczna.\nChocia\u017c dok\u0142adamy wszelkich stara\u0144, aby stosowa\u0107 komercyjnie akceptowalne \u015brodki w celu ochrony Pa\u0144stwa danych osobowych, nie mo\u017cemy zagwarantowa\u0107 ich ca\u0142kowitego bezpiecze\u0144stwa. <\/p>\n\n<h2 class=\"wp-block-heading\">Us\u0142ugodawc\u00f3w<\/h2>\n\n<p>Mo\u017cemy zatrudnia\u0107 firmy i osoby trzecie w celu u\u0142atwienia \u015bwiadczenia naszej Us\u0142ugi (&#8220;Dostawcy Us\u0142ug&#8221;), \u015bwiadczenia Us\u0142ugi w naszym imieniu, \u015bwiadczenia us\u0142ug zwi\u0105zanych z Us\u0142ug\u0105 lub pomocy w analizowaniu sposobu korzystania z naszej Us\u0142ugi.<\/p>\n\n<p>Te osoby trzecie maj\u0105 dost\u0119p do Pa\u0144stwa danych osobowych wy\u0142\u0105cznie w celu wykonania tych zada\u0144 w naszym imieniu i s\u0105 zobowi\u0105zane do nieujawniania ich ani niewykorzystywania w \u017cadnym innym celu.<\/p>\n\n<h3 class=\"wp-block-heading\">Analytics<\/h3>\n\n<p>Mo\u017cemy korzysta\u0107 z us\u0142ug zewn\u0119trznych Dostawc\u00f3w Us\u0142ug w celu monitorowania i analizowania korzystania z naszej Us\u0142ugi.<\/p>\n\n<ul class=\"wp-block-list\">\n<li><strong>Analityka Google<\/strong><\/li>\n\n\n\n<li><strong>Statcounter<\/strong> to narz\u0119dzie do analizy ruchu w sieci.\nZ Polityk\u0105 prywatno\u015bci Statcounter mo\u017cna zapozna\u0107 si\u0119 tutaj: <a href=\"https:\/\/statcounter.com\/about\/legal\/\">https:\/\/statcounter.com\/about\/legal\/<\/a> <\/li>\n<\/ul>\n\n<h3 class=\"wp-block-heading\">Osadzone tre\u015bci z innych stron internetowych<\/h3>\n\n<p>Artyku\u0142y na tej stronie mog\u0105 zawiera\u0107 osadzone tre\u015bci (np. filmy, obrazy, artyku\u0142y itp.).\nOsadzone tre\u015bci z innych stron internetowych zachowuj\u0105 si\u0119 dok\u0142adnie w taki sam spos\u00f3b, jak gdyby odwiedzaj\u0105cy odwiedzi\u0142 inn\u0105 witryn\u0119. <\/p>\n\n<p>Witryny te mog\u0105 gromadzi\u0107 dane o u\u017cytkowniku, u\u017cywa\u0107 plik\u00f3w cookie, osadza\u0107 dodatkowe \u015bledzenie stron trzecich i monitorowa\u0107 interakcj\u0119 u\u017cytkownika z t\u0105 osadzon\u0105 tre\u015bci\u0105, w tym \u015bledzi\u0107 interakcj\u0119 u\u017cytkownika z osadzon\u0105 tre\u015bci\u0105, je\u015bli u\u017cytkownik ma konto i jest zalogowany w tej witrynie.<\/p>\n\n<h2 class=\"wp-block-heading\">Linki do innych stron<\/h2>\n\n<p>Nasza Us\u0142uga mo\u017ce zawiera\u0107 linki do innych stron, kt\u00f3re nie s\u0105 przez nas obs\u0142ugiwane.\nJe\u015bli klikniesz na link strony trzeciej, zostaniesz przekierowany na stron\u0119 tej strony trzeciej.\nZdecydowanie zalecamy zapoznanie si\u0119 z Polityk\u0105 prywatno\u015bci ka\u017cdej odwiedzanej witryny.  <\/p>\n\n<p>Nie mamy kontroli i nie ponosimy \u017cadnej odpowiedzialno\u015bci za tre\u015b\u0107, polityk\u0119 prywatno\u015bci lub praktyki stosowane w witrynach lub us\u0142ugach os\u00f3b trzecich.<\/p>\n\n<h2 class=\"wp-block-heading\">Prywatno\u015b\u0107 dzieci<\/h2>\n\n<p>Nasza Us\u0142uga nie jest skierowana do os\u00f3b poni\u017cej 18 roku \u017cycia (&#8220;Dzieci&#8221;).<\/p>\n\n<p>Nie gromadzimy \u015bwiadomie danych osobowych od os\u00f3b poni\u017cej 18 roku \u017cycia.\nJe\u015bli jeste\u015b rodzicem lub opiekunem prawnym i masz \u015bwiadomo\u015b\u0107, \u017ce Twoje Dzieci przekaza\u0142y nam Dane Osobowe, skontaktuj si\u0119 z nami.\nJe\u015bli dowiemy si\u0119, \u017ce zebrali\u015bmy dane osobowe od dzieci bez weryfikacji zgody rodzic\u00f3w, podejmiemy kroki w celu usuni\u0119cia tych informacji z naszych serwer\u00f3w.  <\/p>\n\n<h2 class=\"wp-block-heading\">Zmiany w niniejszej Polityce prywatno\u015bci<\/h2>\n\n<p>Od czasu do czasu mo\u017cemy aktualizowa\u0107 nasz\u0105 Polityk\u0119 prywatno\u015bci.\nO wszelkich zmianach poinformujemy Ci\u0119 poprzez opublikowanie nowej Polityki Prywatno\u015bci na tej stronie. <\/p>\n\n<p>Poinformujemy Ci\u0119 o tym za po\u015brednictwem wiadomo\u015bci e-mail i\/lub widocznego powiadomienia w naszej Us\u0142udze, zanim zmiana wejdzie w \u017cycie i zaktualizujemy &#8220;dat\u0119 wej\u015bcia w \u017cycie&#8221; znajduj\u0105c\u0105 si\u0119 na pocz\u0105tku niniejszej Polityki prywatno\u015bci.<\/p>\n\n<p>Zaleca si\u0119 okresowe przegl\u0105danie niniejszej Polityki prywatno\u015bci pod k\u0105tem wszelkich zmian.\nZmiany w niniejszej Polityce prywatno\u015bci wchodz\u0105 w \u017cycie z chwil\u0105 ich opublikowania na tej stronie. <\/p>\n\n<h2 class=\"wp-block-heading\">Skontaktuj si\u0119 z nami<\/h2>\n\n<p>Je\u015bli masz jakiekolwiek pytania dotycz\u0105ce niniejszej Polityki prywatno\u015bci, skontaktuj si\u0119 z nami:<\/p>\n\n<ul class=\"wp-block-list\">\n<li>Przez e-mail: <strong>editor@outsourceit.today<\/strong><\/li>\n<\/ul>\n","protected":false},"excerpt":{"rendered":"<p>Data wej\u015bcia w \u017cycie: 15 wrze\u015bnia 2023 r. Outsource IT Today (&#8220;nas&#8221;, &#8220;my&#8221; lub &#8220;nasz&#8221;) prowadzi https:\/\/nudify.info\/ stron\u0119 internetow\u0105 (&#8220;Us\u0142uga&#8221;). Na tej stronie znajduj\u0105 si\u0119 informacje o naszych zasadach dotycz\u0105cych gromadzenia, wykorzystywania i ujawniania danych osobowych podczas korzystania z naszej Us\u0142ugi oraz o wyborach, kt\u00f3re u\u017cytkownik powi\u0105za\u0142 z tymi danymi. Nasza Polityka Prywatno\u015bci dla Outsource [&hellip;]<\/p>\n","protected":false},"author":1,"featured_media":0,"parent":0,"menu_order":0,"comment_status":"closed","ping_status":"closed","template":"","meta":{"footnotes":""},"class_list":["post-33813","page","type-page","status-publish","hentry"],"aioseo_notices":[],"_links":{"self":[{"href":"https:\/\/nudify.info\/pl\/wp-json\/wp\/v2\/pages\/33813","targetHints":{"allow":["GET"]}}],"collection":[{"href":"https:\/\/nudify.info\/pl\/wp-json\/wp\/v2\/pages"}],"about":[{"href":"https:\/\/nudify.info\/pl\/wp-json\/wp\/v2\/types\/page"}],"author":[{"embeddable":true,"href":"https:\/\/nudify.info\/pl\/wp-json\/wp\/v2\/users\/1"}],"replies":[{"embeddable":true,"href":"https:\/\/nudify.info\/pl\/wp-json\/wp\/v2\/comments?post=33813"}],"version-history":[{"count":0,"href":"https:\/\/nudify.info\/pl\/wp-json\/wp\/v2\/pages\/33813\/revisions"}],"wp:attachment":[{"href":"https:\/\/nudify.info\/pl\/wp-json\/wp\/v2\/media?parent=33813"}],"curies":[{"name":"wp","href":"https:\/\/api.w.org\/{rel}","templated":true}]}}