{"id":33840,"date":"2024-09-14T10:53:11","date_gmt":"2024-09-14T18:53:11","guid":{"rendered":"https:\/\/nudify.info\/politique-de-confidentialite-et-de-cookies\/"},"modified":"2024-09-09T04:27:14","modified_gmt":"2024-09-09T12:27:14","slug":"politique-de-confidentialite-et-de-cookies","status":"publish","type":"page","link":"https:\/\/nudify.info\/fr\/politique-de-confidentialite-et-de-cookies\/","title":{"rendered":"Politique de confidentialit\u00e9 et de cookies"},"content":{"rendered":"\n<p>Date d\u2019entr\u00e9e en vigueur: 15 septembre 2023<\/p>\n\n<p>Outsource IT Today (\u00ab nous \u00bb, \u00ab notre \u00bb ou \u00ab nos \u00bb) exploite le site Web <strong>https:\/\/nudify.info\/<\/strong> (le \u00ab Service \u00bb).<\/p>\n\n<p>Cette page vous informe de nos politiques concernant la collecte, l\u2019utilisation et la divulgation des donn\u00e9es personnelles lorsque vous utilisez notre Service et des choix que vous avez associ\u00e9s \u00e0 ces donn\u00e9es.\nNotre politique de confidentialit\u00e9 pour <strong>Outsource IT Today<\/strong> est cr\u00e9\u00e9e \u00e0 l\u2019aide du site Web Free Privacy Policy. <\/p>\n\n<p>Nous utilisons vos donn\u00e9es pour fournir et am\u00e9liorer le Service.\nEn utilisant le Service, vous acceptez la collecte et l\u2019utilisation des informations conform\u00e9ment \u00e0 la pr\u00e9sente politique.\nSauf d\u00e9finition contraire dans la pr\u00e9sente Politique de confidentialit\u00e9, les termes utilis\u00e9s dans la pr\u00e9sente Politique de confidentialit\u00e9 ont la m\u00eame signification que dans nos Conditions g\u00e9n\u00e9rales, accessibles \u00e0 partir de https:\/\/nudify.info\/  <\/p>\n\n<h2 class=\"wp-block-heading\">Collecte et utilisation des informations<\/h2>\n\n<p>Nous recueillons diff\u00e9rents types d\u2019informations \u00e0 diverses fins afin de vous fournir et d\u2019am\u00e9liorer notre service.<\/p>\n\n<h3 class=\"wp-block-heading\">Types de donn\u00e9es collect\u00e9es<\/h3>\n\n<h4 class=\"wp-block-heading\">Donn\u00e9es personnelles<\/h4>\n\n<p>Lors de l\u2019utilisation de notre Service, nous pouvons vous demander de nous fournir certaines informations personnellement identifiables qui peuvent \u00eatre utilis\u00e9es pour vous contacter ou vous identifier (\u00ab Donn\u00e9es personnelles \u00bb).\nLes informations personnellement identifiables peuvent inclure, sans s\u2019y limiter: <\/p>\n\n<ul class=\"wp-block-list\">\n<li>Adresse courriel<\/li>\n\n\n\n<li>Pr\u00e9nom et nom de famille<\/li>\n\n\n\n<li>Cookies et donn\u00e9es d\u2019utilisation<\/li>\n<\/ul>\n\n<h4 class=\"wp-block-heading\">Donn\u00e9es d\u2019utilisation<\/h4>\n\n<p>Nous pouvons \u00e9galement collecter des informations sur la mani\u00e8re dont le Service est consult\u00e9 et utilis\u00e9 (\u00ab Donn\u00e9es d\u2019utilisation \u00bb).\nCes donn\u00e9es d\u2019utilisation peuvent inclure des informations telles que l\u2019adresse IP de votre ordinateur (par exemple, l\u2019adresse IP), le type de navigateur, la version du navigateur, les pages de notre service que vous visitez, l\u2019heure et la date de votre visite, le temps pass\u00e9 sur ces pages, les identifiants uniques de l\u2019appareil et d\u2019autres donn\u00e9es de diagnostic. <\/p>\n\n<h4 class=\"wp-block-heading\">Donn\u00e9es de suivi et cookies<\/h4>\n\n<p>Nous utilisons des cookies et des technologies de suivi similaires pour suivre l\u2019activit\u00e9 sur notre Service et conserver certaines informations.<\/p>\n\n<p>Les cookies sont des fichiers contenant une petite quantit\u00e9 de donn\u00e9es qui peuvent inclure un identifiant unique anonyme.\nLes cookies sont envoy\u00e9s \u00e0 votre navigateur \u00e0 partir d\u2019un site Web et stock\u00e9s sur votre appareil.\nLes technologies de suivi sont \u00e9galement utilis\u00e9es: des balises, des balises et des scripts pour collecter et suivre des informations et pour am\u00e9liorer et analyser notre Service.  <\/p>\n\n<p>Vous pouvez demander \u00e0 votre navigateur de refuser tous les cookies ou d\u2019indiquer quand un cookie est envoy\u00e9.\nCependant, si vous n\u2019acceptez pas les cookies, il se peut que vous ne puissiez pas utiliser certaines parties de notre Service. <\/p>\n\n<p>Exemples de cookies que nous utilisons:<\/p>\n\n<ul class=\"wp-block-list\">\n<li><strong>Cookies de session.<\/strong>  Nous utilisons des cookies de session pour faire fonctionner notre service.<\/li>\n\n\n\n<li><strong>Cookies de pr\u00e9f\u00e9rence.<\/strong>  Nous utilisons des cookies de pr\u00e9f\u00e9rence pour m\u00e9moriser vos pr\u00e9f\u00e9rences et divers param\u00e8tres.<\/li>\n\n\n\n<li><strong>Cookies de s\u00e9curit\u00e9.<\/strong>  Nous utilisons des cookies de s\u00e9curit\u00e9 \u00e0 des fins de s\u00e9curit\u00e9.<\/li>\n<\/ul>\n\n<p>Si vous laissez un commentaire sur notre site, vous pouvez choisir d\u2019enregistrer votre nom, votre adresse e-mail et votre site Web dans les cookies.\nCeux-ci sont pour votre commodit\u00e9 afin que vous n\u2019ayez pas \u00e0 remplir \u00e0 nouveau vos coordonn\u00e9es lorsque vous laissez un autre commentaire.\nCes cookies durent un an.  <\/p>\n\n<p>Si vous visitez notre page de connexion, nous d\u00e9finirons un cookie temporaire pour d\u00e9terminer si votre navigateur accepte les cookies.\nCe cookie ne contient aucune donn\u00e9e personnelle et est supprim\u00e9 lorsque vous fermez votre navigateur. <\/p>\n\n<p>Lorsque vous vous connectez, nous mettrons \u00e9galement en place plusieurs cookies pour enregistrer vos informations de connexion et vos choix d\u2019affichage \u00e0 l\u2019\u00e9cran.\nLes cookies de connexion durent deux jours et les cookies d\u2019options d\u2019\u00e9cran durent un an.\nSi vous s\u00e9lectionnez \u00ab Se souvenir de moi \u00bb, votre connexion persistera pendant deux semaines.\nSi vous vous d\u00e9connectez de votre compte, les cookies de connexion seront supprim\u00e9s.   <\/p>\n\n<p>Si vous \u00e9ditez ou publiez un article, un cookie suppl\u00e9mentaire sera enregistr\u00e9 dans votre navigateur.\nCe cookie ne contient aucune donn\u00e9e personnelle et indique simplement l\u2019ID de publication de l\u2019article que vous venez de modifier.\nIl expire au bout de 1 jour.  <\/p>\n\n<h3 class=\"wp-block-heading\">Commentaires<\/h3>\n\n<p>Lorsque les visiteurs laissent des commentaires sur le site, nous collectons les donn\u00e9es affich\u00e9es dans le formulaire de commentaires, ainsi que l\u2019adresse IP du visiteur et la cha\u00eene de l\u2019agent utilisateur du navigateur pour aider \u00e0 la d\u00e9tection des spams.<\/p>\n\n<p>Une cha\u00eene anonyme cr\u00e9\u00e9e \u00e0 partir de votre adresse e-mail (\u00e9galement appel\u00e9e hachage) peut \u00eatre fournie au service Gravatar pour voir si vous l\u2019utilisez.\nLa politique de confidentialit\u00e9 du service Gravatar est disponible ici: https:\/\/automattic.com\/privacy\/. Une fois votre commentaire approuv\u00e9, votre photo de profil est visible par le public dans le cadre de votre commentaire. <\/p>\n\n<h2 class=\"wp-block-heading\">Utilisation des donn\u00e9es<\/h2>\n\n<p>Aujourd\u2019hui, Outsource IT utilise les donn\u00e9es collect\u00e9es \u00e0 diverses fins:<\/p>\n\n<ul class=\"wp-block-list\">\n<li>Pour fournir et maintenir le Service<\/li>\n\n\n\n<li>Pour vous informer des modifications apport\u00e9es \u00e0 notre Service<\/li>\n\n\n\n<li>Pour vous permettre de participer aux fonctionnalit\u00e9s interactives de notre Service lorsque vous choisissez de le faire<\/li>\n\n\n\n<li>Fournir un service et une assistance \u00e0 la client\u00e8le<\/li>\n\n\n\n<li>Pour fournir des analyses ou des informations pr\u00e9cieuses afin que nous puissions am\u00e9liorer le Service<\/li>\n\n\n\n<li>Pour surveiller l\u2019utilisation du Service<\/li>\n\n\n\n<li>D\u00e9tecter, pr\u00e9venir et r\u00e9soudre les probl\u00e8mes techniques<\/li>\n<\/ul>\n\n<h2 class=\"wp-block-heading\">Transfert de donn\u00e9es<\/h2>\n\n<p>Vos informations, y compris les donn\u00e9es personnelles, peuvent \u00eatre transf\u00e9r\u00e9es et conserv\u00e9es sur des ordinateurs situ\u00e9s en dehors de votre \u00e9tat, province, pays ou autre juridiction gouvernementale o\u00f9 les lois sur la protection des donn\u00e9es peuvent diff\u00e9rer de celles de votre juridiction.<\/p>\n\n<p>Si vous r\u00e9sidez en dehors des \u00c9tats-Unis et que vous choisissez de nous fournir des informations, veuillez noter que nous transf\u00e9rons les donn\u00e9es, y compris les donn\u00e9es personnelles, vers les \u00c9tats-Unis et les traitons l\u00e0-bas.<\/p>\n\n<p>Votre consentement \u00e0 la pr\u00e9sente politique de confidentialit\u00e9, suivi de la soumission de ces informations, repr\u00e9sente votre accord \u00e0 ce transfert.<\/p>\n\n<p>Outsource IT Today prendra toutes les mesures raisonnablement n\u00e9cessaires pour s\u2019assurer que vos donn\u00e9es sont trait\u00e9es en toute s\u00e9curit\u00e9 et conform\u00e9ment \u00e0 la pr\u00e9sente Politique de confidentialit\u00e9 et qu\u2019aucun transfert de vos donn\u00e9es personnelles n\u2019aura lieu vers une organisation ou un pays \u00e0 moins que des contr\u00f4les ad\u00e9quats ne soient mis en place, y compris la s\u00e9curit\u00e9 de vos donn\u00e9es et autres informations personnelles.<\/p>\n\n<h3 class=\"wp-block-heading\">Avec qui partageons-nous vos donn\u00e9es?<\/h3>\n\n<p>Si vous demandez une r\u00e9initialisation de mot de passe, votre adresse IP sera incluse dans l\u2019e-mail de r\u00e9initialisation.<\/p>\n\n<h2 class=\"wp-block-heading\">Divulgation des donn\u00e9es<\/h2>\n\n<h3 class=\"wp-block-heading\">Exigences l\u00e9gales<\/h3>\n\n<p>Outsource IT Today peut divulguer vos donn\u00e9es personnelles en estimant de bonne foi qu\u2019une telle action est n\u00e9cessaire pour:<\/p>\n\n<ul class=\"wp-block-list\">\n<li>Pour se conformer \u00e0 une obligation l\u00e9gale<\/li>\n\n\n\n<li>Pour prot\u00e9ger et d\u00e9fendre les droits ou la propri\u00e9t\u00e9 d\u2019Outbit IT Today<\/li>\n\n\n\n<li>Pour pr\u00e9venir ou enqu\u00eater sur d\u2019\u00e9ventuels actes r\u00e9pr\u00e9hensibles en relation avec le Service<\/li>\n\n\n\n<li>Pour prot\u00e9ger la s\u00e9curit\u00e9 personnelle des utilisateurs du Service ou du public<\/li>\n\n\n\n<li>Pour se prot\u00e9ger contre la responsabilit\u00e9 l\u00e9gale<\/li>\n<\/ul>\n\n<h2 class=\"wp-block-heading\">S\u00e9curit\u00e9 des donn\u00e9es<\/h2>\n\n<p>La s\u00e9curit\u00e9 de vos donn\u00e9es est importante pour nous, mais n\u2019oubliez pas qu\u2019aucune m\u00e9thode de transmission sur Internet ou de stockage \u00e9lectronique n\u2019est s\u00fbre \u00e0 100 %.\nBien que nous nous efforcions d\u2019utiliser des moyens commercialement acceptables pour prot\u00e9ger vos donn\u00e9es personnelles, nous ne pouvons pas garantir leur s\u00e9curit\u00e9 absolue. <\/p>\n\n<h2 class=\"wp-block-heading\">Fournisseurs<\/h2>\n\n<p>Nous pouvons employer des soci\u00e9t\u00e9s et des personnes tierces pour faciliter notre service (\u00ab fournisseurs de services \u00bb), pour fournir le service en notre nom, pour ex\u00e9cuter des services li\u00e9s au service ou pour nous aider \u00e0 analyser la fa\u00e7on dont notre service est utilis\u00e9.<\/p>\n\n<p>Ces tiers n\u2019ont acc\u00e8s \u00e0 vos donn\u00e9es personnelles que pour effectuer ces t\u00e2ches en notre nom et sont tenus de ne pas les divulguer ou les utiliser \u00e0 d\u2019autres fins.<\/p>\n\n<h3 class=\"wp-block-heading\">Analytics<\/h3>\n\n<p>Nous pouvons faire appel \u00e0 des fournisseurs de services tiers pour surveiller et analyser l\u2019utilisation de notre service.<\/p>\n\n<ul class=\"wp-block-list\">\n<li><strong>Google Analytique<\/strong><\/li>\n\n\n\n<li><strong>Statcounter<\/strong> est un outil d\u2019analyse du trafic web.\nVous pouvez lire la politique de confidentialit\u00e9 de Statcounter ici: <a href=\"https:\/\/statcounter.com\/about\/legal\/\">https:\/\/statcounter.com\/about\/legal\/<\/a> <\/li>\n<\/ul>\n\n<h3 class=\"wp-block-heading\">Contenu int\u00e9gr\u00e9 provenant d\u2019autres sites Web<\/h3>\n\n<p>Les articles de ce site peuvent inclure du contenu int\u00e9gr\u00e9 (par exemple, des vid\u00e9os, des images, des articles, etc.).\nLe contenu int\u00e9gr\u00e9 d\u2019autres sites Web se comporte exactement de la m\u00eame mani\u00e8re que si le visiteur avait visit\u00e9 l\u2019autre site Web. <\/p>\n\n<p>Ces sites Web peuvent collecter des donn\u00e9es vous concernant, utiliser des cookies, int\u00e9grer un suivi tiers suppl\u00e9mentaire et surveiller votre interaction avec ce contenu int\u00e9gr\u00e9, y compris le suivi de votre interaction avec le contenu int\u00e9gr\u00e9 si vous avez un compte et \u00eates connect\u00e9 \u00e0 ce site Web.<\/p>\n\n<h2 class=\"wp-block-heading\">Liens vers d\u2019autres sites<\/h2>\n\n<p>Notre Service peut contenir des liens vers d\u2019autres sites qui ne sont pas exploit\u00e9s par nous.\nSi vous cliquez sur le lien d\u2019un tiers, vous serez redirig\u00e9 vers le site de ce tiers.\nNous vous conseillons vivement de consulter la politique de confidentialit\u00e9 de chaque site que vous visitez.  <\/p>\n\n<p>Nous n\u2019avons aucun contr\u00f4le et n\u2019assumons aucune responsabilit\u00e9 \u00e0 cet \u00e9gard sur le contenu, les politiques de confidentialit\u00e9 ou les pratiques des sites ou services de tiers.<\/p>\n\n<h2 class=\"wp-block-heading\">Vie priv\u00e9e des enfants<\/h2>\n\n<p>Notre Service ne s\u2019adresse pas aux personnes de moins de 18 ans (\u00ab Enfants \u00bb).<\/p>\n\n<p>Nous ne recueillons pas sciemment d\u2019informations personnellement identifiables aupr\u00e8s de personnes de moins de 18 ans.\nSi vous \u00eates un parent ou un tuteur et que vous savez que vos enfants nous ont fourni des donn\u00e9es personnelles, veuillez nous contacter.\nSi nous apprenons que nous avons collect\u00e9 des donn\u00e9es personnelles aupr\u00e8s d\u2019enfants sans v\u00e9rification du consentement parental, nous prenons des mesures pour supprimer ces informations de nos serveurs.  <\/p>\n\n<h2 class=\"wp-block-heading\">Modifications de la pr\u00e9sente politique de confidentialit\u00e9<\/h2>\n\n<p>Nous pouvons mettre \u00e0 jour notre politique de confidentialit\u00e9 de temps \u00e0 autre.\nNous vous informerons de tout changement en publiant la nouvelle politique de confidentialit\u00e9 sur cette page. <\/p>\n\n<p>Nous vous en informerons par e-mail et\/ou par un avis bien visible sur notre Service, avant que la modification n\u2019entre en vigueur et mettrons \u00e0 jour la \u00ab date d\u2019entr\u00e9e en vigueur \u00bb en haut de la pr\u00e9sente Politique de confidentialit\u00e9.<\/p>\n\n<p>Il vous est conseill\u00e9 de consulter p\u00e9riodiquement cette politique de confidentialit\u00e9 pour prendre connaissance de toute modification.\nLes modifications apport\u00e9es \u00e0 la pr\u00e9sente politique de confidentialit\u00e9 entrent en vigueur lorsqu\u2019elles sont publi\u00e9es sur cette page. <\/p>\n\n<h2 class=\"wp-block-heading\">Contactez-nous<\/h2>\n\n<p>Si vous avez des questions sur cette politique de confidentialit\u00e9, veuillez nous contacter:<\/p>\n\n<ul class=\"wp-block-list\">\n<li>Par email: <strong>editor@outsourceit.today<\/strong><\/li>\n<\/ul>\n","protected":false},"excerpt":{"rendered":"<p>Date d\u2019entr\u00e9e en vigueur: 15 septembre 2023 Outsource IT Today (\u00ab nous \u00bb, \u00ab notre \u00bb ou \u00ab nos \u00bb) exploite le site Web https:\/\/nudify.info\/ (le \u00ab Service \u00bb). Cette page vous informe de nos politiques concernant la collecte, l\u2019utilisation et la divulgation des donn\u00e9es personnelles lorsque vous utilisez notre Service et des choix que [&hellip;]<\/p>\n","protected":false},"author":1,"featured_media":0,"parent":0,"menu_order":0,"comment_status":"closed","ping_status":"closed","template":"","meta":{"footnotes":""},"class_list":["post-33840","page","type-page","status-publish","hentry"],"aioseo_notices":[],"_links":{"self":[{"href":"https:\/\/nudify.info\/fr\/wp-json\/wp\/v2\/pages\/33840","targetHints":{"allow":["GET"]}}],"collection":[{"href":"https:\/\/nudify.info\/fr\/wp-json\/wp\/v2\/pages"}],"about":[{"href":"https:\/\/nudify.info\/fr\/wp-json\/wp\/v2\/types\/page"}],"author":[{"embeddable":true,"href":"https:\/\/nudify.info\/fr\/wp-json\/wp\/v2\/users\/1"}],"replies":[{"embeddable":true,"href":"https:\/\/nudify.info\/fr\/wp-json\/wp\/v2\/comments?post=33840"}],"version-history":[{"count":0,"href":"https:\/\/nudify.info\/fr\/wp-json\/wp\/v2\/pages\/33840\/revisions"}],"wp:attachment":[{"href":"https:\/\/nudify.info\/fr\/wp-json\/wp\/v2\/media?parent=33840"}],"curies":[{"name":"wp","href":"https:\/\/api.w.org\/{rel}","templated":true}]}}