{"id":33828,"date":"2023-03-06T05:47:04","date_gmt":"2023-03-06T13:47:04","guid":{"rendered":"https:\/\/nudify.info\/formulaire-de-demande-dacces-a-lacces-de-la-personne-concernee\/"},"modified":"2024-09-09T04:26:37","modified_gmt":"2024-09-09T12:26:37","slug":"formulaire-de-demande-dacces-a-lacces-de-la-personne-concernee","status":"publish","type":"page","link":"https:\/\/nudify.info\/fr\/formulaire-de-demande-dacces-a-lacces-de-la-personne-concernee\/","title":{"rendered":"Formulaire de demande d\u2019acc\u00e8s \u00e0 l\u2019acc\u00e8s de la personne concern\u00e9e"},"content":{"rendered":"\n<p>Veuillez remplir les informations ci-dessous.\nL\u2019administrateur du site web ou le d\u00e9l\u00e9gu\u00e9 \u00e0 la protection des donn\u00e9es sera inform\u00e9 de votre demande dans les 24 heures et aura besoin d\u2019un d\u00e9lai appropri\u00e9 pour y r\u00e9pondre. <\/p>\n\n<div class=\"wp-block-contact-form-7-contact-form-selector\"><p class=\"wpcf7-contact-form-not-found\"><strong>Erreur\u00a0:<\/strong> Formulaire de contact non trouv\u00e9\u00a0!<\/p><\/div>\n","protected":false},"excerpt":{"rendered":"<p>Veuillez remplir les informations ci-dessous. L\u2019administrateur du site web ou le d\u00e9l\u00e9gu\u00e9 \u00e0 la protection des donn\u00e9es sera inform\u00e9 de votre demande dans les 24 heures et aura besoin d\u2019un d\u00e9lai appropri\u00e9 pour y r\u00e9pondre.<\/p>\n","protected":false},"author":1,"featured_media":0,"parent":0,"menu_order":0,"comment_status":"closed","ping_status":"closed","template":"","meta":{"footnotes":""},"class_list":["post-33828","page","type-page","status-publish","hentry"],"aioseo_notices":[],"_links":{"self":[{"href":"https:\/\/nudify.info\/fr\/wp-json\/wp\/v2\/pages\/33828","targetHints":{"allow":["GET"]}}],"collection":[{"href":"https:\/\/nudify.info\/fr\/wp-json\/wp\/v2\/pages"}],"about":[{"href":"https:\/\/nudify.info\/fr\/wp-json\/wp\/v2\/types\/page"}],"author":[{"embeddable":true,"href":"https:\/\/nudify.info\/fr\/wp-json\/wp\/v2\/users\/1"}],"replies":[{"embeddable":true,"href":"https:\/\/nudify.info\/fr\/wp-json\/wp\/v2\/comments?post=33828"}],"version-history":[{"count":0,"href":"https:\/\/nudify.info\/fr\/wp-json\/wp\/v2\/pages\/33828\/revisions"}],"wp:attachment":[{"href":"https:\/\/nudify.info\/fr\/wp-json\/wp\/v2\/media?parent=33828"}],"curies":[{"name":"wp","href":"https:\/\/api.w.org\/{rel}","templated":true}]}}