{"id":33810,"date":"2025-02-14T09:09:39","date_gmt":"2025-02-14T17:09:39","guid":{"rendered":"https:\/\/nudify.info\/qui-sommes-nous\/"},"modified":"2024-09-09T04:24:46","modified_gmt":"2024-09-09T12:24:46","slug":"qui-sommes-nous","status":"publish","type":"page","link":"https:\/\/nudify.info\/fr\/qui-sommes-nous\/","title":{"rendered":"Qui sommes-nous"},"content":{"rendered":"\n<p>Merci de visiter le blog Nudify Info.\nJe suis s\u00fbr que vous auriez besoin d\u2019en savoir plus sur nous. <\/p>\n\n<p>Nous tenons \u00e0 vous informer que <strong>\u00ab\u00a0<strong>Nudify Info<\/strong>\u00a0\u00bb<\/strong> Publisher est une plate-forme pour les passionn\u00e9s d\u2019IA explorant les technologies de g\u00e9n\u00e9ration d\u2019images, de vid\u00e9os et de sons.\nNous travaillons dans ce domaine depuis 2021, date \u00e0 laquelle nous avons publi\u00e9 notre premi\u00e8re recherche sur l\u2019application originale Deepnude. <\/p>\n\n<blockquote class=\"wp-block-quote is-layout-flow wp-block-quote-is-layout-flow\">\n<p>Faites confiance \u00e0 des professionnels exp\u00e9riment\u00e9s\u00a0!<\/p>\n<\/blockquote>\n\n<p>Les articles de ce site sont surveill\u00e9s par <strong>une \u00e9quipe de professionnels qui a<\/strong> examin\u00e9 plus de 170 intelligences artificielles g\u00e9n\u00e9r\u00e9es payantes\/gratuites.\nM\u00e9fiez-vous des informations sur les sites amateurs qui fonctionnent sans connaissances sp\u00e9cialis\u00e9es. <\/p>\n\n<p class=\"star\">Des explications d\u00e9taill\u00e9es avec des illustrations sont fournies afin que m\u00eame les d\u00e9butants qui ne sont pas familiers avec la g\u00e9n\u00e9ration d\u2019IA puissent facilement comprendre!<br\/>La structure du site facilite l\u2019utilisation d\u2019outils d\u2019IA et de bots sans conna\u00eetre la terminologie complexe ou les connaissances techniques.<\/p>\n\n<blockquote class=\"wp-block-quote is-layout-flow wp-block-quote-is-layout-flow\">\n<p>[Led by a team specialized in generative AI]  Fournir des informations hautement fiables par le biais d\u2019exp\u00e9riences de d\u00e9monstration.  <\/p>\n<\/blockquote>\n\n<h2 class=\"wp-block-heading\">\u00c0 propos de Nudify Info<\/h2>\n\n<p>Nous avons quelques m\u00e9thodologies que nous suivons pour r\u00e9pertorier les meilleures agences informatiques.\nNous disposons d\u2019une \u00e9quipe d\u2019analystes experts qui est charg\u00e9e de fournir des donn\u00e9es fiables en effectuant des recherches approfondies sur les services des principales entreprises, le portefeuille industriel, les commentaires des clients sur les sites Web et les sites d\u2019\u00e9valuation tiers et autres sites d\u2019\u00e9valuation de haut niveau. <\/p>\n\n<p>Vous pouvez envoyer les coordonn\u00e9es de votre entreprise (avec une vue d\u2019ensemble unique) comme nous l\u2019avons mentionn\u00e9 pour d\u2019autres entreprises, ainsi qu\u2019une image du logo de l\u2019entreprise (300&#215;300 px).<\/p>\n\n<p>Veuillez partager les informations relatives \u00e0 votre entreprise dans le format mentionn\u00e9 ci-dessous:<\/p>\n\n<ul class=\"wp-block-list\">\n<li>Vue d\u2019ensemble de l\u2019entreprise:<\/li>\n\n\n\n<li>Services fournis par votre entreprise:<\/li>\n\n\n\n<li>URL du site Web:<\/li>\n\n\n\n<li>Cr\u00e9ation (ann\u00e9e):<\/li>\n\n\n\n<li>Salari\u00e9s:<\/li>\n\n\n\n<li>Messagerie \u00e9lectronique:<\/li>\n\n\n\n<li>Num\u00e9ro de t\u00e9l\u00e9phone de la personne-ressource:<\/li>\n\n\n\n<li>Lieux:<\/li>\n\n\n\n<li>Taux horaire:<\/li>\n\n\n\n<li>Principaux clients:<\/li>\n<\/ul>\n\n<p>Veuillez visiter notre site Web pour voir les informations d\u2019autres entreprises par exemple.<\/p>\n\n<h2 class=\"wp-block-heading\">Contactez-nous<\/h2>\n\n<p>Nous sommes disponibles sur tous les canaux sociaux populaires.\nVous pouvez nous rejoindre sur les cha\u00eenes \u00e9num\u00e9r\u00e9es ci-dessous, nous dire bonjour et rester \u00e0 jour! <\/p>\n\n<ul class=\"wp-block-list\">\n<li><a href=\"https:\/\/nudify.info\/contact\/\"><\/a><a href=\"https:\/\/nudify.info\/contact\/\">Formulaire de contact<\/a><\/li>\n\n\n\n<li>Adresse du bureau: <u>Ankara, Turquie<\/u><\/li>\n<\/ul>\n\n<p><strong>Nos statistiques rapides:<\/strong><\/p>\n\n<ul class=\"wp-block-list\">\n<li>+ de 230 k pages vues par mois ;<\/li>\n\n\n\n<li>4100+ abonn\u00e9s Telegram, Facebook, Twitter et LinkedIn\u00a0;<\/li>\n\n\n\n<li>220+ abonn\u00e9s aux e-mails et RSS ;<\/li>\n\n\n\n<li>Portail le plus interactif avec 140+ pages\u00a0;<\/li>\n\n\n\n<li>Depuis 2021 &#8211; L\u2019un des portails d\u2019avis DeepNude les plus fiables.<\/li>\n<\/ul>\n\n<p>Nous sommes tr\u00e8s fiers de nous \u00eatre associ\u00e9s \u00e0 <a href=\"https:\/\/savelife.in.ua\/en\/donate-en\/\" target=\"_blank\" rel=\"noopener nofollow\">la Fondation Come Back Alive<\/a> , c\u2019est-\u00e0-dire que pour chaque publication que nous cr\u00e9ons pour tous nos clients, <em>nous aidons \u00e9galement l\u2019Ukraine<\/em>.  <\/p>\n\n<h3 class=\"wp-block-heading\">Des suggestions pour nous?<\/h3>\n\n<p>Si vous avez des suggestions ou des conseils \u00e0 nous donner, nous serions ravis de les \u00e9couter.<\/p>\n\n<p>Alors le voici,<strong> \u00ab\u00a0Nudify Info\u00a0\u00bb<\/strong> &#8211; un blog technologique sur l\u2019IA pour les personnes qui aiment DeepNude et DeepFake en dehors de la bulle.<\/p>\n","protected":false},"excerpt":{"rendered":"<p>Merci de visiter le blog Nudify Info. Je suis s\u00fbr que vous auriez besoin d\u2019en savoir plus sur nous. Nous tenons \u00e0 vous informer que \u00ab\u00a0Nudify Info\u00a0\u00bb Publisher est une plate-forme pour les passionn\u00e9s d\u2019IA explorant les technologies de g\u00e9n\u00e9ration d\u2019images, de vid\u00e9os et de sons. Nous travaillons dans ce domaine depuis 2021, date \u00e0 [&hellip;]<\/p>\n","protected":false},"author":1,"featured_media":31592,"parent":0,"menu_order":0,"comment_status":"closed","ping_status":"closed","template":"","meta":{"footnotes":""},"class_list":["post-33810","page","type-page","status-publish","has-post-thumbnail","hentry"],"aioseo_notices":[],"_links":{"self":[{"href":"https:\/\/nudify.info\/fr\/wp-json\/wp\/v2\/pages\/33810","targetHints":{"allow":["GET"]}}],"collection":[{"href":"https:\/\/nudify.info\/fr\/wp-json\/wp\/v2\/pages"}],"about":[{"href":"https:\/\/nudify.info\/fr\/wp-json\/wp\/v2\/types\/page"}],"author":[{"embeddable":true,"href":"https:\/\/nudify.info\/fr\/wp-json\/wp\/v2\/users\/1"}],"replies":[{"embeddable":true,"href":"https:\/\/nudify.info\/fr\/wp-json\/wp\/v2\/comments?post=33810"}],"version-history":[{"count":0,"href":"https:\/\/nudify.info\/fr\/wp-json\/wp\/v2\/pages\/33810\/revisions"}],"wp:featuredmedia":[{"embeddable":true,"href":"https:\/\/nudify.info\/fr\/wp-json\/wp\/v2\/media\/31592"}],"wp:attachment":[{"href":"https:\/\/nudify.info\/fr\/wp-json\/wp\/v2\/media?parent=33810"}],"curies":[{"name":"wp","href":"https:\/\/api.w.org\/{rel}","templated":true}]}}