{"id":33883,"date":"2025-02-14T09:09:39","date_gmt":"2025-02-14T17:09:39","guid":{"rendered":"https:\/\/nudify.info\/sobre-nosotros\/"},"modified":"2024-09-09T04:31:47","modified_gmt":"2024-09-09T12:31:47","slug":"sobre-nosotros","status":"publish","type":"page","link":"https:\/\/nudify.info\/es\/sobre-nosotros\/","title":{"rendered":"Sobre nosotros"},"content":{"rendered":"\n<p>Gracias por visitar el blog de Nudify Info.\nEstoy seguro de que querr\u00e1s saber m\u00e1s sobre nosotros. <\/p>\n\n<p>Nos gustar\u00eda informarle que <strong>&#8220;<strong>Nudify Info<\/strong>&#8220;<\/strong> Publisher es una plataforma para entusiastas de la IA que exploran tecnolog\u00edas para generar im\u00e1genes, videos y sonidos.\nHemos estado trabajando en esta \u00e1rea desde 2021, cuando publicamos nuestra primera investigaci\u00f3n sobre la aplicaci\u00f3n Deepnude original. <\/p>\n\n<blockquote class=\"wp-block-quote is-layout-flow wp-block-quote-is-layout-flow\">\n<p>\u00a1Conf\u00eda en profesionales con experiencia!<\/p>\n<\/blockquote>\n\n<p>Los art\u00edculos de este sitio son monitoreados por <strong>un equipo profesional que ha<\/strong> revisado m\u00e1s de 170 inteligencias artificiales generadas de pago\/gratuitas.\nTenga cuidado con la informaci\u00f3n de sitios de aficionados que operan sin conocimientos especializados. <\/p>\n\n<p class=\"star\">Se proporcionan explicaciones detalladas con ilustraciones para que incluso los principiantes que no est\u00e1n familiarizados con la generaci\u00f3n de IA puedan entenderlo f\u00e1cilmente.<br\/>La estructura del sitio facilita el uso de herramientas de IA y bots sin conocer terminolog\u00eda compleja o conocimientos t\u00e9cnicos.<\/p>\n\n<blockquote class=\"wp-block-quote is-layout-flow wp-block-quote-is-layout-flow\">\n<p>[Led by a team specialized in generative AI]  Proporcionar informaci\u00f3n altamente confiable a trav\u00e9s de experimentos demostrativos.  <\/p>\n<\/blockquote>\n\n<h2 class=\"wp-block-heading\">Acerca de Nudify Info<\/h2>\n\n<p>Tenemos algunas metodolog\u00edas que seguimos para enumerar las principales agencias de TI.\nContamos con un equipo experto de analistas que es responsable de proporcionar datos confiables mediante la investigaci\u00f3n en profundidad de los servicios de la empresa l\u00edder, la cartera industrial, los comentarios de los clientes de sitios web y sitios de revisi\u00f3n de terceros y otros sitios de revisi\u00f3n de alto nivel. <\/p>\n\n<p>Puede enviar los detalles de su empresa (con una descripci\u00f3n general \u00fanica) como hemos mencionado para otras empresas junto con una imagen del logotipo de la empresa (300&#215;300 px).<\/p>\n\n<p>Comparta la informaci\u00f3n de su empresa en el formato que se menciona a continuaci\u00f3n:<\/p>\n\n<ul class=\"wp-block-list\">\n<li>Visi\u00f3n general de la empresa:<\/li>\n\n\n\n<li>Servicios prestados por su empresa:<\/li>\n\n\n\n<li>URL del sitio web:<\/li>\n\n\n\n<li>Fundaci\u00f3n (A\u00f1o):<\/li>\n\n\n\n<li>Empleados:<\/li>\n\n\n\n<li>Correo electr\u00f3nico:<\/li>\n\n\n\n<li>Tel\u00e9fono de contacto:<\/li>\n\n\n\n<li>Ubicaciones:<\/li>\n\n\n\n<li>Tarifa por hora:<\/li>\n\n\n\n<li>Clientes clave:<\/li>\n<\/ul>\n\n<p>Visite nuestro sitio web para ver la informaci\u00f3n de otras empresas, por ejemplo.<\/p>\n\n<h2 class=\"wp-block-heading\">P\u00f3ngase en contacto con nosotros<\/h2>\n\n<p>Estamos disponibles en todos los canales sociales populares.\nPuedes unirte a nosotros en los canales que se enumeran a continuaci\u00f3n, saludarnos y mantenerte actualizado. <\/p>\n\n<ul class=\"wp-block-list\">\n<li><a href=\"https:\/\/nudify.info\/contact\/\"><\/a><a href=\"https:\/\/nudify.info\/contact\/\">Formulario de contacto<\/a><\/li>\n\n\n\n<li>Ubicaci\u00f3n de la oficina: <u>Ankara, Turqu\u00eda<\/u><\/li>\n<\/ul>\n\n<p><strong>Nuestras estad\u00edsticas r\u00e1pidas:<\/strong><\/p>\n\n<ul class=\"wp-block-list\">\n<li>230 k+ p\u00e1ginas vistas mensuales;<\/li>\n\n\n\n<li>4100+ seguidores en Telegram, Facebook, Twitter y LinkedIn;<\/li>\n\n\n\n<li>220+ suscriptores de correo electr\u00f3nico y RSS;<\/li>\n\n\n\n<li>El portal m\u00e1s interactivo con 140+ p\u00e1ginas;<\/li>\n\n\n\n<li>Desde 2021: uno de los portales de revisi\u00f3n de DeepNude m\u00e1s confiables.<\/li>\n<\/ul>\n\n<p>Estamos muy orgullosos de habernos asociado con <a href=\"https:\/\/savelife.in.ua\/en\/donate-en\/\" target=\"_blank\" rel=\"noopener nofollow\">Come Back Alive Foundation<\/a> , es decir, por cada publicaci\u00f3n que creamos para todos nuestros clientes, <em>tambi\u00e9n ayudamos a Ucrania<\/em>.  <\/p>\n\n<h3 class=\"wp-block-heading\">\u00bfAlguna sugerencia para nosotros?<\/h3>\n\n<p>Si tienes alguna sugerencia o consejo para nosotros, nos encantar\u00eda escucharlo.<\/p>\n\n<p>As\u00ed que aqu\u00ed est\u00e1,<strong> &#8220;Nudify Info&#8221;,<\/strong> un blog de tecnolog\u00eda de IA para personas que aman DeepNude y DeepFake fuera de la burbuja.<\/p>\n","protected":false},"excerpt":{"rendered":"<p>Gracias por visitar el blog de Nudify Info. Estoy seguro de que querr\u00e1s saber m\u00e1s sobre nosotros. Nos gustar\u00eda informarle que &#8220;Nudify Info&#8220; Publisher es una plataforma para entusiastas de la IA que exploran tecnolog\u00edas para generar im\u00e1genes, videos y sonidos. Hemos estado trabajando en esta \u00e1rea desde 2021, cuando publicamos nuestra primera investigaci\u00f3n sobre [&hellip;]<\/p>\n","protected":false},"author":1,"featured_media":31597,"parent":0,"menu_order":0,"comment_status":"closed","ping_status":"closed","template":"","meta":{"footnotes":""},"class_list":["post-33883","page","type-page","status-publish","has-post-thumbnail","hentry"],"aioseo_notices":[],"_links":{"self":[{"href":"https:\/\/nudify.info\/es\/wp-json\/wp\/v2\/pages\/33883","targetHints":{"allow":["GET"]}}],"collection":[{"href":"https:\/\/nudify.info\/es\/wp-json\/wp\/v2\/pages"}],"about":[{"href":"https:\/\/nudify.info\/es\/wp-json\/wp\/v2\/types\/page"}],"author":[{"embeddable":true,"href":"https:\/\/nudify.info\/es\/wp-json\/wp\/v2\/users\/1"}],"replies":[{"embeddable":true,"href":"https:\/\/nudify.info\/es\/wp-json\/wp\/v2\/comments?post=33883"}],"version-history":[{"count":0,"href":"https:\/\/nudify.info\/es\/wp-json\/wp\/v2\/pages\/33883\/revisions"}],"wp:featuredmedia":[{"embeddable":true,"href":"https:\/\/nudify.info\/es\/wp-json\/wp\/v2\/media\/31597"}],"wp:attachment":[{"href":"https:\/\/nudify.info\/es\/wp-json\/wp\/v2\/media?parent=33883"}],"curies":[{"name":"wp","href":"https:\/\/api.w.org\/{rel}","templated":true}]}}