{"id":33874,"date":"2024-09-14T10:53:11","date_gmt":"2024-09-14T18:53:11","guid":{"rendered":"https:\/\/nudify.info\/politica-de-privacidad-y-cookies\/"},"modified":"2024-09-09T04:30:07","modified_gmt":"2024-09-09T12:30:07","slug":"politica-de-privacidad-y-cookies","status":"publish","type":"page","link":"https:\/\/nudify.info\/es\/politica-de-privacidad-y-cookies\/","title":{"rendered":"Pol\u00edtica de privacidad y cookies"},"content":{"rendered":"\n<p>Fecha de entrada en vigor: 15 de septiembre de 2023<\/p>\n\n<p>Outsource IT Today (&#8220;nosotros&#8221;, &#8220;nosotros&#8221; o &#8220;nuestro&#8221;) opera el sitio web <strong>https:\/\/nudify.info\/<\/strong> (el &#8220;Servicio&#8221;).<\/p>\n\n<p>Esta p\u00e1gina le informa de nuestras pol\u00edticas con respecto a la recopilaci\u00f3n, el uso y la divulgaci\u00f3n de datos personales cuando utiliza nuestro Servicio y las opciones que ha asociado con esos datos.\nNuestra Pol\u00edtica de Privacidad para <strong>Outsource IT Today<\/strong> se crea con la ayuda del sitio web de Pol\u00edtica de Privacidad Gratuita. <\/p>\n\n<p>Utilizamos sus datos para proporcionar y mejorar el Servicio.\nAl utilizar el Servicio, usted acepta la recopilaci\u00f3n y el uso de informaci\u00f3n de acuerdo con esta pol\u00edtica.\nA menos que se defina lo contrario en esta Pol\u00edtica de Privacidad, los t\u00e9rminos utilizados en esta Pol\u00edtica de Privacidad tienen los mismos significados que en nuestros T\u00e9rminos y Condiciones, accesibles desde https:\/\/nudify.info\/  <\/p>\n\n<h2 class=\"wp-block-heading\">Recopilaci\u00f3n y uso de la informaci\u00f3n<\/h2>\n\n<p>Recopilamos varios tipos diferentes de informaci\u00f3n para diversos fines con el fin de proporcionar y mejorar nuestro Servicio.<\/p>\n\n<h3 class=\"wp-block-heading\">Tipos de datos recopilados<\/h3>\n\n<h4 class=\"wp-block-heading\">Datos personales<\/h4>\n\n<p>Al utilizar nuestro Servicio, es posible que le pidamos que nos proporcione cierta informaci\u00f3n de identificaci\u00f3n personal que puede utilizarse para contactarlo o identificarlo (&#8220;Datos personales&#8221;).\nLa informaci\u00f3n de identificaci\u00f3n personal puede incluir, pero no se limita a: <\/p>\n\n<ul class=\"wp-block-list\">\n<li>Direcci\u00f3n de correo electr\u00f3nico<\/li>\n\n\n\n<li>Nombre y apellidos<\/li>\n\n\n\n<li>Cookies y datos de uso<\/li>\n<\/ul>\n\n<h4 class=\"wp-block-heading\">Datos de uso<\/h4>\n\n<p>Tambi\u00e9n podemos recopilar informaci\u00f3n sobre c\u00f3mo se accede al Servicio y c\u00f3mo se utiliza (&#8220;Datos de uso&#8221;).\nEstos Datos de uso pueden incluir informaci\u00f3n como la direcci\u00f3n de protocolo de Internet de su computadora (por ejemplo, la direcci\u00f3n IP), el tipo de navegador, la versi\u00f3n del navegador, las p\u00e1ginas de nuestro Servicio que visita, la hora y la fecha de su visita, el tiempo que pasa en esas p\u00e1ginas, identificadores \u00fanicos del dispositivo y otros datos de diagn\u00f3stico. <\/p>\n\n<h4 class=\"wp-block-heading\">Datos de seguimiento y cookies<\/h4>\n\n<p>Utilizamos cookies y tecnolog\u00edas de seguimiento similares para rastrear la actividad en nuestro Servicio y retener cierta informaci\u00f3n.<\/p>\n\n<p>Las cookies son archivos con una peque\u00f1a cantidad de datos que pueden incluir un identificador \u00fanico an\u00f3nimo.\nLas cookies se env\u00edan a su navegador desde un sitio web y se almacenan en su dispositivo.\nLas tecnolog\u00edas de seguimiento tambi\u00e9n se utilizan balizas, etiquetas y scripts para recopilar y rastrear informaci\u00f3n y para mejorar y analizar nuestro Servicio.  <\/p>\n\n<p>Puede indicar a su navegador que rechace todas las cookies o que le indique cu\u00e1ndo se env\u00eda una cookie.\nSin embargo, si no acepta las cookies, es posible que no pueda utilizar algunas partes de nuestro Servicio. <\/p>\n\n<p>Ejemplos de cookies que utilizamos:<\/p>\n\n<ul class=\"wp-block-list\">\n<li><strong>Cookies de sesi\u00f3n.<\/strong>  Utilizamos cookies de sesi\u00f3n para operar nuestro Servicio.<\/li>\n\n\n\n<li><strong>Cookies de preferencias.<\/strong>  Utilizamos cookies de preferencias para recordar sus preferencias y diversas configuraciones.<\/li>\n\n\n\n<li><strong>Cookies de seguridad.<\/strong>  Utilizamos cookies de seguridad por motivos de seguridad.<\/li>\n<\/ul>\n\n<p>Si deja un comentario en nuestro sitio, puede optar por guardar su nombre, direcci\u00f3n de correo electr\u00f3nico y sitio web en las cookies.\nEstos son para su comodidad para que no tenga que volver a completar sus datos cuando deje otro comentario.\nEstas cookies tendr\u00e1n una duraci\u00f3n de un a\u00f1o.  <\/p>\n\n<p>Si visita nuestra p\u00e1gina de inicio de sesi\u00f3n, estableceremos una cookie temporal para determinar si su navegador acepta cookies.\nEsta cookie no contiene datos personales y se descarta cuando cierra el navegador. <\/p>\n\n<p>Cuando inicie sesi\u00f3n, tambi\u00e9n configuraremos varias cookies para guardar su informaci\u00f3n de inicio de sesi\u00f3n y sus opciones de visualizaci\u00f3n en pantalla.\nLas cookies de inicio de sesi\u00f3n duran dos d\u00edas y las cookies de opciones de pantalla duran un a\u00f1o.\nSi selecciona &#8220;Recordarme&#8221;, su inicio de sesi\u00f3n persistir\u00e1 durante dos semanas.\nSi cierra la sesi\u00f3n de su cuenta, se eliminar\u00e1n las cookies de inicio de sesi\u00f3n.   <\/p>\n\n<p>Si edita o publica un art\u00edculo, se guardar\u00e1 una cookie adicional en su navegador.\nEsta cookie no incluye ning\u00fan dato personal y simplemente indica el ID de la entrada del art\u00edculo que acaba de editar.\nCaduca a los 1 d\u00eda.  <\/p>\n\n<h3 class=\"wp-block-heading\">Comentarios<\/h3>\n\n<p>Cuando los visitantes dejan comentarios en el sitio, recopilamos los datos que se muestran en el formulario de comentarios, y tambi\u00e9n la direcci\u00f3n IP del visitante y la cadena del agente de usuario del navegador para ayudar a la detecci\u00f3n de spam.<\/p>\n\n<p>Una cadena an\u00f3nima creada a partir de su direcci\u00f3n de correo electr\u00f3nico (tambi\u00e9n llamada hash) puede proporcionarse al servicio Gravatar para ver si lo est\u00e1 utilizando.\nLa pol\u00edtica de privacidad del servicio Gravatar est\u00e1 disponible aqu\u00ed: https:\/\/automattic.com\/privacy\/. Despu\u00e9s de la aprobaci\u00f3n de su comentario, su foto de perfil es visible para el p\u00fablico en el contexto de su comentario. <\/p>\n\n<h2 class=\"wp-block-heading\">Uso de los datos<\/h2>\n\n<p>Outsource IT Today utiliza los datos recopilados para diversos fines:<\/p>\n\n<ul class=\"wp-block-list\">\n<li>Para proporcionar y mantener el Servicio<\/li>\n\n\n\n<li>Para notificarle sobre cambios en nuestro Servicio<\/li>\n\n\n\n<li>Para permitirle participar en las funciones interactivas de nuestro Servicio cuando as\u00ed lo decida<\/li>\n\n\n\n<li>Para proporcionar atenci\u00f3n y soporte al cliente<\/li>\n\n\n\n<li>Para proporcionar an\u00e1lisis o informaci\u00f3n valiosa para que podamos mejorar el Servicio.<\/li>\n\n\n\n<li>Para supervisar el uso del Servicio<\/li>\n\n\n\n<li>Para detectar, prevenir y abordar problemas t\u00e9cnicos<\/li>\n<\/ul>\n\n<h2 class=\"wp-block-heading\">Transferencia de datos<\/h2>\n\n<p>Su informaci\u00f3n, incluidos los Datos personales, puede transferirse y mantenerse en computadoras ubicadas fuera de su estado, provincia, pa\u00eds u otra jurisdicci\u00f3n gubernamental donde las leyes de protecci\u00f3n de datos pueden diferir de las de su jurisdicci\u00f3n.<\/p>\n\n<p>Si se encuentra fuera de los Estados Unidos y decide proporcionarnos informaci\u00f3n, tenga en cuenta que transferimos los datos, incluidos los Datos personales, a los Estados Unidos y los procesamos all\u00ed.<\/p>\n\n<p>Su consentimiento a esta Pol\u00edtica de Privacidad, seguido de su env\u00edo de dicha informaci\u00f3n, representa su aceptaci\u00f3n de esa transferencia.<\/p>\n\n<p>Outsource IT Today tomar\u00e1 todas las medidas razonablemente necesarias para garantizar que sus datos se traten de forma segura y de acuerdo con esta Pol\u00edtica de privacidad, y no se realizar\u00e1 ninguna transferencia de sus datos personales a una organizaci\u00f3n o un pa\u00eds a menos que existan controles adecuados, incluida la seguridad de sus datos y otra informaci\u00f3n personal.<\/p>\n\n<h3 class=\"wp-block-heading\">Con qui\u00e9n compartimos sus datos<\/h3>\n\n<p>Si solicita un restablecimiento de contrase\u00f1a, su direcci\u00f3n IP se incluir\u00e1 en el correo electr\u00f3nico de restablecimiento.<\/p>\n\n<h2 class=\"wp-block-heading\">Divulgaci\u00f3n de datos<\/h2>\n\n<h3 class=\"wp-block-heading\">Requisitos legales<\/h3>\n\n<p>Outsource IT Today puede divulgar sus Datos personales en la creencia de buena fe de que dicha acci\u00f3n es necesaria para:<\/p>\n\n<ul class=\"wp-block-list\">\n<li>Para cumplir con una obligaci\u00f3n legal<\/li>\n\n\n\n<li>Para proteger y defender los derechos o la propiedad de Outsource IT Today<\/li>\n\n\n\n<li>Para prevenir o investigar posibles irregularidades en relaci\u00f3n con el Servicio<\/li>\n\n\n\n<li>Para proteger la seguridad personal de los usuarios del Servicio o del p\u00fablico<\/li>\n\n\n\n<li>Para protegerse contra la responsabilidad legal<\/li>\n<\/ul>\n\n<h2 class=\"wp-block-heading\">Seguridad de los datos<\/h2>\n\n<p>La seguridad de sus datos es importante para nosotros, pero recuerde que ning\u00fan m\u00e9todo de transmisi\u00f3n a trav\u00e9s de Internet o m\u00e9todo de almacenamiento electr\u00f3nico es 100% seguro.\nSi bien nos esforzamos por utilizar medios comercialmente aceptables para proteger sus datos personales, no podemos garantizar su seguridad absoluta. <\/p>\n\n<h2 class=\"wp-block-heading\">Proveedores de servicios<\/h2>\n\n<p>Podemos emplear a empresas e individuos de terceros para facilitar nuestro Servicio (&#8220;Proveedores de Servicios&#8221;), para proporcionar el Servicio en nuestro nombre, para realizar servicios relacionados con el Servicio o para ayudarnos a analizar c\u00f3mo se utiliza nuestro Servicio.<\/p>\n\n<p>Estos terceros tienen acceso a sus datos personales solo para realizar estas tareas en nuestro nombre y est\u00e1n obligados a no divulgarlos ni utilizarlos para ning\u00fan otro prop\u00f3sito.<\/p>\n\n<h3 class=\"wp-block-heading\">Anal\u00edtica<\/h3>\n\n<p>Podemos utilizar Proveedores de Servicios de terceros para monitorear y analizar el uso de nuestro Servicio.<\/p>\n\n<ul class=\"wp-block-list\">\n<li><strong>Google Analytics<\/strong><\/li>\n\n\n\n<li><strong>Statcounter<\/strong> es una herramienta de an\u00e1lisis de tr\u00e1fico web.\nPuede leer la Pol\u00edtica de privacidad de Statcounter aqu\u00ed: <a href=\"https:\/\/statcounter.com\/about\/legal\/\">https:\/\/statcounter.com\/about\/legal\/<\/a> <\/li>\n<\/ul>\n\n<h3 class=\"wp-block-heading\">Contenido incrustado de otros sitios web<\/h3>\n\n<p>Los art\u00edculos de este sitio pueden incluir contenido incrustado (por ejemplo, v\u00eddeos, im\u00e1genes, art\u00edculos, etc.).\nEl contenido incrustado de otros sitios web se comporta exactamente de la misma manera que si el visitante hubiera visitado el otro sitio web. <\/p>\n\n<p>Estos sitios web pueden recopilar datos sobre usted, utilizar cookies, incrustar un seguimiento adicional de terceros y supervisar su interacci\u00f3n con ese contenido incrustado, incluido el seguimiento de su interacci\u00f3n con el contenido incrustado si tiene una cuenta y ha iniciado sesi\u00f3n en ese sitio web.<\/p>\n\n<h2 class=\"wp-block-heading\">Enlaces a otros sitios<\/h2>\n\n<p>Nuestro Servicio puede contener enlaces a otros sitios que no son operados por nosotros.\nSi hace clic en un enlace de terceros, se le dirigir\u00e1 al sitio de ese tercero.\nLe recomendamos encarecidamente que revise la Pol\u00edtica de privacidad de cada sitio que visite.  <\/p>\n\n<p>No tenemos control ni asumimos ninguna responsabilidad por el contenido, las pol\u00edticas de privacidad o las pr\u00e1cticas de los sitios o servicios de terceros.<\/p>\n\n<h2 class=\"wp-block-heading\">Privacidad de los ni\u00f1os<\/h2>\n\n<p>Nuestro Servicio no se dirige a ninguna persona menor de 18 a\u00f1os (&#8220;Ni\u00f1os&#8221;).<\/p>\n\n<p>No recopilamos a sabiendas informaci\u00f3n de identificaci\u00f3n personal de ninguna persona menor de 18 a\u00f1os.\nSi usted es un padre o tutor y sabe que sus hijos nos han proporcionado datos personales, p\u00f3ngase en contacto con nosotros.\nSi nos damos cuenta de que hemos recopilado datos personales de ni\u00f1os sin la verificaci\u00f3n del consentimiento de los padres, tomamos medidas para eliminar esa informaci\u00f3n de nuestros servidores.  <\/p>\n\n<h2 class=\"wp-block-heading\">Cambios a esta Pol\u00edtica de Privacidad<\/h2>\n\n<p>Es posible que actualicemos nuestra Pol\u00edtica de privacidad de vez en cuando.\nLe notificaremos cualquier cambio mediante la publicaci\u00f3n de la nueva Pol\u00edtica de privacidad en esta p\u00e1gina. <\/p>\n\n<p>Le informaremos por correo electr\u00f3nico y\/o un aviso destacado en nuestro Servicio, antes de que el cambio entre en vigencia y actualizaremos la &#8220;fecha de vigencia&#8221; en la parte superior de esta Pol\u00edtica de privacidad.<\/p>\n\n<p>Se le recomienda que revise esta Pol\u00edtica de Privacidad peri\u00f3dicamente para ver si hay cambios.\nLos cambios a esta Pol\u00edtica de Privacidad son efectivos cuando se publican en esta p\u00e1gina. <\/p>\n\n<h2 class=\"wp-block-heading\">Cont\u00e1ctenos<\/h2>\n\n<p>Si tiene alguna pregunta sobre esta Pol\u00edtica de Privacidad, p\u00f3ngase en contacto con nosotros:<\/p>\n\n<ul class=\"wp-block-list\">\n<li>Por correo electr\u00f3nico: <strong>editor@outsourceit.today<\/strong><\/li>\n<\/ul>\n","protected":false},"excerpt":{"rendered":"<p>Fecha de entrada en vigor: 15 de septiembre de 2023 Outsource IT Today (&#8220;nosotros&#8221;, &#8220;nosotros&#8221; o &#8220;nuestro&#8221;) opera el sitio web https:\/\/nudify.info\/ (el &#8220;Servicio&#8221;). Esta p\u00e1gina le informa de nuestras pol\u00edticas con respecto a la recopilaci\u00f3n, el uso y la divulgaci\u00f3n de datos personales cuando utiliza nuestro Servicio y las opciones que ha asociado con [&hellip;]<\/p>\n","protected":false},"author":1,"featured_media":0,"parent":0,"menu_order":0,"comment_status":"closed","ping_status":"closed","template":"","meta":{"footnotes":""},"class_list":["post-33874","page","type-page","status-publish","hentry"],"aioseo_notices":[],"_links":{"self":[{"href":"https:\/\/nudify.info\/es\/wp-json\/wp\/v2\/pages\/33874","targetHints":{"allow":["GET"]}}],"collection":[{"href":"https:\/\/nudify.info\/es\/wp-json\/wp\/v2\/pages"}],"about":[{"href":"https:\/\/nudify.info\/es\/wp-json\/wp\/v2\/types\/page"}],"author":[{"embeddable":true,"href":"https:\/\/nudify.info\/es\/wp-json\/wp\/v2\/users\/1"}],"replies":[{"embeddable":true,"href":"https:\/\/nudify.info\/es\/wp-json\/wp\/v2\/comments?post=33874"}],"version-history":[{"count":0,"href":"https:\/\/nudify.info\/es\/wp-json\/wp\/v2\/pages\/33874\/revisions"}],"wp:attachment":[{"href":"https:\/\/nudify.info\/es\/wp-json\/wp\/v2\/media?parent=33874"}],"curies":[{"name":"wp","href":"https:\/\/api.w.org\/{rel}","templated":true}]}}