{"id":33837,"date":"2024-09-14T10:53:11","date_gmt":"2024-09-14T18:53:11","guid":{"rendered":"https:\/\/nudify.info\/datenschutz-und-cookie-richtlinie\/"},"modified":"2024-09-09T04:27:10","modified_gmt":"2024-09-09T12:27:10","slug":"datenschutz-und-cookie-richtlinie","status":"publish","type":"page","link":"https:\/\/nudify.info\/de\/datenschutz-und-cookie-richtlinie\/","title":{"rendered":"Datenschutz- und Cookie-Richtlinie"},"content":{"rendered":"\n<p>Datum des Inkrafttretens: 15. September 2023<\/p>\n\n<p>Outsource IT Today (&#8220;uns&#8221;, &#8220;wir&#8221; oder &#8220;unser&#8221;) betreibt die <strong>https:\/\/nudify.info\/<\/strong> -Website (der &#8220;Service&#8221;).<\/p>\n\n<p>Diese Seite informiert Sie \u00fcber unsere Richtlinien in Bezug auf die Erfassung, Verwendung und Offenlegung personenbezogener Daten, wenn Sie unseren Service nutzen, und \u00fcber die Wahlm\u00f6glichkeiten, die Sie mit diesen Daten verbunden haben.\nUnsere Datenschutzerkl\u00e4rung f\u00fcr <strong>das Outsourcing von IT Today<\/strong> wird mit Hilfe der kostenlosen Datenschutzrichtlinie Website erstellt. <\/p>\n\n<p>Wir verwenden Ihre Daten, um den Dienst bereitzustellen und zu verbessern.\nDurch die Nutzung des Dienstes erkl\u00e4ren Sie sich mit der Erfassung und Verwendung von Informationen in \u00dcbereinstimmung mit dieser Richtlinie einverstanden.\nSofern in dieser Datenschutzrichtlinie nicht anders definiert, haben die in dieser Datenschutzrichtlinie verwendeten Begriffe die gleiche Bedeutung wie in unseren Allgemeinen Gesch\u00e4ftsbedingungen, die von https:\/\/nudify.info\/  <\/p>\n\n<h2 class=\"wp-block-heading\">Sammlung und Verwendung von Informationen<\/h2>\n\n<p>Wir sammeln verschiedene Arten von Informationen f\u00fcr verschiedene Zwecke, um Ihnen unseren Service bereitzustellen und zu verbessern.<\/p>\n\n<h3 class=\"wp-block-heading\">Arten der erfassten Daten<\/h3>\n\n<h4 class=\"wp-block-heading\">Personenbezogene Daten<\/h4>\n\n<p>W\u00e4hrend der Nutzung unseres Dienstes k\u00f6nnen wir Sie bitten, uns bestimmte personenbezogene Daten zur Verf\u00fcgung zu stellen, die verwendet werden k\u00f6nnen, um Sie zu kontaktieren oder zu identifizieren (&#8220;personenbezogene Daten&#8221;).\nZu den personenbezogenen Daten geh\u00f6ren unter anderem: <\/p>\n\n<ul class=\"wp-block-list\">\n<li>E-Mail-Adresse<\/li>\n\n\n\n<li>Vorname und Nachname<\/li>\n\n\n\n<li>Cookies und Nutzungsdaten<\/li>\n<\/ul>\n\n<h4 class=\"wp-block-heading\">Nutzungsdaten<\/h4>\n\n<p>Wir k\u00f6nnen auch Informationen dar\u00fcber sammeln, wie auf den Dienst zugegriffen und er genutzt wird (&#8220;Nutzungsdaten&#8221;).\nDiese Nutzungsdaten k\u00f6nnen Informationen wie die Internetprotokolladresse Ihres Computers (z. B. IP-Adresse), den Browsertyp, die Browserversion, die von Ihnen besuchten Seiten unseres Dienstes, die Uhrzeit und das Datum Ihres Besuchs, die auf diesen Seiten verbrachte Zeit, eindeutige Ger\u00e4tekennungen und andere Diagnosedaten enthalten. <\/p>\n\n<h4 class=\"wp-block-heading\">Tracking- und Cookie-Daten<\/h4>\n\n<p>Wir verwenden Cookies und \u00e4hnliche Tracking-Technologien, um die Aktivit\u00e4ten auf unserem Dienst zu verfolgen und bestimmte Informationen zu speichern.<\/p>\n\n<p>Cookies sind Dateien mit kleinen Datenmengen, die eine anonyme eindeutige Kennung enthalten k\u00f6nnen.\nCookies werden von einer Website an Ihren Browser gesendet und auf Ihrem Ger\u00e4t gespeichert.\nBei den ebenfalls verwendeten Tracking-Technologien handelt es sich um Beacons, Tags und Skripte, um Informationen zu sammeln und zu verfolgen und unseren Service zu verbessern und zu analysieren.  <\/p>\n\n<p>Sie k\u00f6nnen Ihren Browser so anweisen, alle Cookies abzulehnen oder anzuzeigen, wenn ein Cookie gesendet wird.\nWenn Sie jedoch keine Cookies akzeptieren, k\u00f6nnen Sie m\u00f6glicherweise einige Teile unseres Dienstes nicht nutzen. <\/p>\n\n<p>Beispiele f\u00fcr Cookies, die wir verwenden:<\/p>\n\n<ul class=\"wp-block-list\">\n<li><strong>Sitzungs-Cookies.<\/strong>  Wir verwenden Session-Cookies, um unseren Service zu betreiben.<\/li>\n\n\n\n<li><strong>Pr\u00e4ferenz-Cookies.<\/strong>  Wir verwenden Pr\u00e4ferenz-Cookies, um Ihre Pr\u00e4ferenzen und verschiedene Einstellungen zu speichern.<\/li>\n\n\n\n<li><strong>Sicherheits-Cookies.<\/strong>  Wir verwenden Sicherheits-Cookies zu Sicherheitszwecken.<\/li>\n<\/ul>\n\n<p>Wenn Sie einen Kommentar auf unserer Website hinterlassen, k\u00f6nnen Sie sich daf\u00fcr entscheiden, Ihren Namen, Ihre E-Mail-Adresse und Ihre Website in Cookies zu speichern.\nDiese dienen Ihrer Bequemlichkeit, damit Sie Ihre Daten nicht erneut eingeben m\u00fcssen, wenn Sie einen weiteren Kommentar hinterlassen.\nDiese Cookies haben eine Lebensdauer von einem Jahr.  <\/p>\n\n<p>Wenn Sie unsere Anmeldeseite besuchen, setzen wir ein tempor\u00e4res Cookie, um festzustellen, ob Ihr Browser Cookies akzeptiert.\nDieses Cookie enth\u00e4lt keine personenbezogenen Daten und wird verworfen, wenn Sie Ihren Browser schlie\u00dfen. <\/p>\n\n<p>Wenn Sie sich anmelden, richten wir auch mehrere Cookies ein, um Ihre Anmeldeinformationen und Ihre Bildschirmanzeigeoptionen zu speichern.\nLogin-Cookies sind zwei Tage lang g\u00fcltig, und Cookies f\u00fcr Bildschirmoptionen sind ein Jahr lang g\u00fcltig.\nWenn Sie &#8220;Remember Me&#8221; ausw\u00e4hlen, bleibt Ihr Login zwei Wochen lang bestehen.\nWenn Sie sich von Ihrem Konto abmelden, werden die Login-Cookies entfernt.   <\/p>\n\n<p>Wenn Sie einen Artikel bearbeiten oder ver\u00f6ffentlichen, wird ein zus\u00e4tzliches Cookie in Ihrem Browser gespeichert.\nDieses Cookie enth\u00e4lt keine personenbezogenen Daten und gibt lediglich die Beitrags-ID des Artikels an, den Sie gerade bearbeitet haben.\nEr l\u00e4uft nach 1 Tag ab.  <\/p>\n\n<h3 class=\"wp-block-heading\">Kommentare<\/h3>\n\n<p>Wenn Besucher Kommentare auf der Website hinterlassen, erfassen wir die im Kommentarformular angezeigten Daten sowie die IP-Adresse des Besuchers und die User-Agent-Zeichenfolge des Browsers, um die Spam-Erkennung zu unterst\u00fctzen.<\/p>\n\n<p>Eine anonymisierte Zeichenfolge, die aus Ihrer E-Mail-Adresse erstellt wurde (auch als Hash bezeichnet), kann dem Gravatar-Dienst zur Verf\u00fcgung gestellt werden, um zu \u00fcberpr\u00fcfen, ob Sie ihn verwenden.\nDie Datenschutzerkl\u00e4rung des Gravatar-Dienstes finden Sie hier: https:\/\/automattic.com\/privacy\/. Nach Freigabe Ihres Kommentars ist Ihr Profilbild im Rahmen Ihres Kommentars f\u00fcr die \u00d6ffentlichkeit sichtbar. <\/p>\n\n<h2 class=\"wp-block-heading\">Verwendung von Daten<\/h2>\n\n<p>Outsource IT Today verwendet die gesammelten Daten f\u00fcr verschiedene Zwecke:<\/p>\n\n<ul class=\"wp-block-list\">\n<li>Um den Dienst bereitzustellen und zu warten<\/li>\n\n\n\n<li>Um Sie \u00fcber \u00c4nderungen an unserem Service zu informieren<\/li>\n\n\n\n<li>Um Ihnen die Teilnahme an interaktiven Funktionen unseres Dienstes zu erm\u00f6glichen, wenn Sie sich daf\u00fcr entscheiden<\/li>\n\n\n\n<li>Um Kundenbetreuung und Support zu bieten<\/li>\n\n\n\n<li>Um Analysen oder wertvolle Informationen bereitzustellen, damit wir den Service verbessern k\u00f6nnen<\/li>\n\n\n\n<li>Um die Nutzung des Dienstes zu \u00fcberwachen<\/li>\n\n\n\n<li>Um technische Probleme zu erkennen, zu verhindern und zu beheben<\/li>\n<\/ul>\n\n<h2 class=\"wp-block-heading\">\u00dcbertragung von Daten<\/h2>\n\n<p>Ihre Daten, einschlie\u00dflich personenbezogener Daten, k\u00f6nnen an Computer \u00fcbertragen und dort gespeichert werden, die sich au\u00dferhalb Ihres Staates, Ihrer Provinz, Ihres Landes oder einer anderen staatlichen Gerichtsbarkeit befinden, in der die Datenschutzgesetze von denen Ihrer Gerichtsbarkeit abweichen k\u00f6nnen.<\/p>\n\n<p>Wenn Sie sich au\u00dferhalb der Vereinigten Staaten befinden und sich daf\u00fcr entscheiden, uns Informationen zur Verf\u00fcgung zu stellen, beachten Sie bitte, dass wir die Daten, einschlie\u00dflich personenbezogener Daten, in die Vereinigten Staaten \u00fcbertragen und dort verarbeiten.<\/p>\n\n<p>Ihre Zustimmung zu dieser Datenschutzrichtlinie, gefolgt von der \u00dcbermittlung dieser Informationen, stellt Ihre Zustimmung zu dieser \u00dcbertragung dar.<\/p>\n\n<p>Outsource IT Today wird alle angemessenen Schritte unternehmen, um sicherzustellen, dass Ihre Daten sicher und in \u00dcbereinstimmung mit dieser Datenschutzrichtlinie behandelt werden, und es findet keine \u00dcbertragung Ihrer personenbezogenen Daten an eine Organisation oder ein Land statt, es sei denn, es gibt angemessene Kontrollen, einschlie\u00dflich der Sicherheit Ihrer Daten und anderer personenbezogener Daten.<\/p>\n\n<h3 class=\"wp-block-heading\">Mit wem wir Ihre Daten teilen<\/h3>\n\n<p>Wenn Sie ein Zur\u00fccksetzen des Passworts anfordern, wird Ihre IP-Adresse in der E-Mail zum Zur\u00fccksetzen angegeben.<\/p>\n\n<h2 class=\"wp-block-heading\">Weitergabe von Daten<\/h2>\n\n<h3 class=\"wp-block-heading\">Gesetzliche Anforderungen<\/h3>\n\n<p>Outsource IT Today kann Ihre personenbezogenen Daten in gutem Glauben offenlegen, dass eine solche Ma\u00dfnahme erforderlich ist, um:<\/p>\n\n<ul class=\"wp-block-list\">\n<li>Um einer gesetzlichen Verpflichtung nachzukommen<\/li>\n\n\n\n<li>Um die Rechte oder das Eigentum von Outsource IT Today zu sch\u00fctzen und zu verteidigen<\/li>\n\n\n\n<li>Um m\u00f6gliches Fehlverhalten im Zusammenhang mit dem Dienst zu verhindern oder zu untersuchen<\/li>\n\n\n\n<li>Um die pers\u00f6nliche Sicherheit der Nutzer des Dienstes oder der \u00d6ffentlichkeit zu sch\u00fctzen<\/li>\n\n\n\n<li>Zum Schutz vor gesetzlicher Haftung<\/li>\n<\/ul>\n\n<h2 class=\"wp-block-heading\">Sicherheit von Daten<\/h2>\n\n<p>Die Sicherheit Ihrer Daten ist uns wichtig, aber denken Sie daran, dass keine Methode der \u00dcbertragung \u00fcber das Internet oder der elektronischen Speicherung zu 100 % sicher ist.\nObwohl wir uns bem\u00fchen, Ihre personenbezogenen Daten mit kommerziell akzeptablen Mitteln zu sch\u00fctzen, k\u00f6nnen wir deren absolute Sicherheit nicht garantieren. <\/p>\n\n<h2 class=\"wp-block-heading\">Dienstleister<\/h2>\n\n<p>Wir k\u00f6nnen Drittunternehmen und Einzelpersonen beauftragen, unseren Service zu erleichtern (&#8220;Dienstleister&#8221;), den Service in unserem Namen bereitzustellen, servicebezogene Dienstleistungen zu erbringen oder uns bei der Analyse der Nutzung unseres Service zu unterst\u00fctzen.<\/p>\n\n<p>Diese Dritten haben nur Zugriff auf Ihre personenbezogenen Daten, um diese Aufgaben in unserem Namen auszuf\u00fchren, und sind verpflichtet, sie nicht offenzulegen oder f\u00fcr andere Zwecke zu verwenden.<\/p>\n\n<h3 class=\"wp-block-heading\">Analytik<\/h3>\n\n<p>Wir k\u00f6nnen Drittanbieter einsetzen, um die Nutzung unseres Dienstes zu \u00fcberwachen und zu analysieren.<\/p>\n\n<ul class=\"wp-block-list\">\n<li><strong>Google Analytics<\/strong><\/li>\n\n\n\n<li><strong>Statcounter<\/strong> ist ein Tool zur Analyse des Web-Traffics.\nSie k\u00f6nnen die Datenschutzerkl\u00e4rung f\u00fcr Statcounter hier lesen: <a href=\"https:\/\/statcounter.com\/about\/legal\/\">https:\/\/statcounter.com\/about\/legal\/<\/a> <\/li>\n<\/ul>\n\n<h3 class=\"wp-block-heading\">Eingebettete Inhalte von anderen Websites<\/h3>\n\n<p>Artikel auf dieser Website k\u00f6nnen eingebettete Inhalte (z. B. Videos, Bilder, Artikel usw.) enthalten.\nEingebettete Inhalte von anderen Websites verhalten sich genau so, als ob der Besucher die andere Website besucht h\u00e4tte. <\/p>\n\n<p>Diese Websites k\u00f6nnen Daten \u00fcber Sie sammeln, Cookies verwenden, zus\u00e4tzliches Tracking von Drittanbietern einbetten und Ihre Interaktion mit diesen eingebetteten Inhalten \u00fcberwachen, einschlie\u00dflich der Verfolgung Ihrer Interaktion mit den eingebetteten Inhalten, wenn Sie ein Konto haben und auf dieser Website angemeldet sind.<\/p>\n\n<h2 class=\"wp-block-heading\">Links zu anderen Websites<\/h2>\n\n<p>Unser Service kann Links zu anderen Websites enthalten, die nicht von uns betrieben werden.\nWenn Sie auf einen Link eines Drittanbieters klicken, werden Sie auf die Website dieses Drittanbieters weitergeleitet.\nWir empfehlen Ihnen dringend, die Datenschutzrichtlinien jeder Website, die Sie besuchen, zu lesen.  <\/p>\n\n<p>Wir haben keine Kontrolle \u00fcber und \u00fcbernehmen keine Verantwortung f\u00fcr den Inhalt, die Datenschutzrichtlinien oder die Praktiken von Websites oder Diensten Dritter.<\/p>\n\n<h2 class=\"wp-block-heading\">Datenschutz f\u00fcr Kinder<\/h2>\n\n<p>Unser Service richtet sich nicht an Personen unter 18 Jahren (&#8220;Kinder&#8221;).<\/p>\n\n<p>Wir sammeln wissentlich keine personenbezogenen Daten von Personen unter 18 Jahren.\nWenn Sie ein Elternteil oder Erziehungsberechtigter sind und wissen, dass Ihre Kinder uns personenbezogene Daten zur Verf\u00fcgung gestellt haben, kontaktieren Sie uns bitte.\nWenn wir feststellen, dass wir personenbezogene Daten von Kindern ohne \u00dcberpr\u00fcfung der elterlichen Zustimmung gesammelt haben, ergreifen wir Ma\u00dfnahmen, um diese Informationen von unseren Servern zu entfernen.  <\/p>\n\n<h2 class=\"wp-block-heading\">\u00c4nderungen an dieser Datenschutzrichtlinie<\/h2>\n\n<p>Wir k\u00f6nnen unsere Datenschutzrichtlinie von Zeit zu Zeit aktualisieren.\nWir werden Sie \u00fcber alle \u00c4nderungen informieren, indem wir die neue Datenschutzrichtlinie auf dieser Seite ver\u00f6ffentlichen. <\/p>\n\n<p>Wir werden Sie per E-Mail und\/oder durch einen auff\u00e4lligen Hinweis in unserem Service dar\u00fcber informieren, bevor die \u00c4nderung in Kraft tritt, und das &#8220;Datum des Inkrafttretens&#8221; oben in dieser Datenschutzrichtlinie aktualisieren.<\/p>\n\n<p>Es wird empfohlen, diese Datenschutzrichtlinie regelm\u00e4\u00dfig auf \u00c4nderungen zu \u00fcberpr\u00fcfen.\n\u00c4nderungen an dieser Datenschutzrichtlinie treten in Kraft, wenn sie auf dieser Seite ver\u00f6ffentlicht werden. <\/p>\n\n<h2 class=\"wp-block-heading\">Kontaktieren Sie uns<\/h2>\n\n<p>Wenn Sie Fragen zu dieser Datenschutzrichtlinie haben, kontaktieren Sie uns bitte:<\/p>\n\n<ul class=\"wp-block-list\">\n<li>Per E-Mail: <strong>editor@outsourceit.today<\/strong><\/li>\n<\/ul>\n","protected":false},"excerpt":{"rendered":"<p>Datum des Inkrafttretens: 15. September 2023 Outsource IT Today (&#8220;uns&#8221;, &#8220;wir&#8221; oder &#8220;unser&#8221;) betreibt die https:\/\/nudify.info\/ -Website (der &#8220;Service&#8221;). Diese Seite informiert Sie \u00fcber unsere Richtlinien in Bezug auf die Erfassung, Verwendung und Offenlegung personenbezogener Daten, wenn Sie unseren Service nutzen, und \u00fcber die Wahlm\u00f6glichkeiten, die Sie mit diesen Daten verbunden haben. Unsere Datenschutzerkl\u00e4rung f\u00fcr [&hellip;]<\/p>\n","protected":false},"author":1,"featured_media":0,"parent":0,"menu_order":0,"comment_status":"closed","ping_status":"closed","template":"","meta":{"footnotes":""},"class_list":["post-33837","page","type-page","status-publish","hentry"],"aioseo_notices":[],"_links":{"self":[{"href":"https:\/\/nudify.info\/de\/wp-json\/wp\/v2\/pages\/33837","targetHints":{"allow":["GET"]}}],"collection":[{"href":"https:\/\/nudify.info\/de\/wp-json\/wp\/v2\/pages"}],"about":[{"href":"https:\/\/nudify.info\/de\/wp-json\/wp\/v2\/types\/page"}],"author":[{"embeddable":true,"href":"https:\/\/nudify.info\/de\/wp-json\/wp\/v2\/users\/1"}],"replies":[{"embeddable":true,"href":"https:\/\/nudify.info\/de\/wp-json\/wp\/v2\/comments?post=33837"}],"version-history":[{"count":0,"href":"https:\/\/nudify.info\/de\/wp-json\/wp\/v2\/pages\/33837\/revisions"}],"wp:attachment":[{"href":"https:\/\/nudify.info\/de\/wp-json\/wp\/v2\/media?parent=33837"}],"curies":[{"name":"wp","href":"https:\/\/api.w.org\/{rel}","templated":true}]}}