{"id":33807,"date":"2025-02-14T09:09:39","date_gmt":"2025-02-14T17:09:39","guid":{"rendered":"https:\/\/nudify.info\/ueber-uns\/"},"modified":"2024-09-09T04:24:41","modified_gmt":"2024-09-09T12:24:41","slug":"ueber-uns","status":"publish","type":"page","link":"https:\/\/nudify.info\/de\/ueber-uns\/","title":{"rendered":"\u00dcber uns"},"content":{"rendered":"\n<p>Vielen Dank f\u00fcr Ihren Besuch im Nudify Info-Blog.\nIch bin sicher, dass Sie mehr \u00fcber uns erfahren w\u00fcrden. <\/p>\n\n<p>Wir m\u00f6chten Sie dar\u00fcber informieren, dass der Verlag <strong>&#8220;<strong>Nudify Info<\/strong>&#8220;<\/strong> eine Plattform f\u00fcr KI-Enthusiasten ist, die Technologien zur Erzeugung von Bildern, Videos und T\u00f6nen erforschen.\nWir arbeiten seit 2021 in diesem Bereich, als wir unsere ersten Recherchen \u00fcber die urspr\u00fcngliche Deepnude-App ver\u00f6ffentlicht haben. <\/p>\n\n<blockquote class=\"wp-block-quote is-layout-flow wp-block-quote-is-layout-flow\">\n<p>Vertrauen Sie Profis mit Erfahrung!<\/p>\n<\/blockquote>\n\n<p>Die Artikel auf dieser Website werden von <strong>einem professionellen Team \u00fcberwacht, das<\/strong> mehr als 170 kostenpflichtige\/kostenlos generierte k\u00fcnstliche Intelligenzen \u00fcberpr\u00fcft hat.\nH\u00fcten Sie sich vor Informationen auf Amateurseiten, die ohne spezielle Kenntnisse arbeiten. <\/p>\n\n<p class=\"star\">Es werden ausf\u00fchrliche Erkl\u00e4rungen mit Abbildungen gegeben, so dass auch Anf\u00e4nger, die sich mit der KI-Generierung nicht auskennen, leicht verstehen k\u00f6nnen!<br\/>Die Struktur der Website macht es einfach, KI-Tools und Bots zu verwenden, ohne komplexe Terminologie oder technisches Hintergrundwissen zu kennen.<\/p>\n\n<blockquote class=\"wp-block-quote is-layout-flow wp-block-quote-is-layout-flow\">\n<p>[Led by a team specialized in generative AI]  Bereitstellung \u00e4u\u00dferst zuverl\u00e4ssiger Informationen durch Demonstrationsexperimente.  <\/p>\n<\/blockquote>\n\n<h2 class=\"wp-block-heading\">\u00dcber Nudify Info<\/h2>\n\n<p>Wir haben einige Methoden, die wir f\u00fcr die Auflistung der besten IT-Agenturen befolgen.\nWir verf\u00fcgen \u00fcber ein Expertenteam von Analysten, das f\u00fcr die Bereitstellung zuverl\u00e4ssiger Daten verantwortlich ist, indem es die Dienstleistungen f\u00fchrender Unternehmen, das Industrieportfolio, das Kundenfeedback von Websites und Bewertungsseiten Dritter sowie andere erstklassige Bewertungsseiten eingehend untersucht. <\/p>\n\n<p>Sie k\u00f6nnen die Details Ihres Unternehmens (mit einer eindeutigen \u00dcbersicht), wie wir es f\u00fcr andere Unternehmen erw\u00e4hnt haben, zusammen mit einem Firmenlogobild (300&#215;300 px) senden.<\/p>\n\n<p>Bitte teilen Sie uns Ihre Unternehmensinformationen in dem unten genannten Format mit:<\/p>\n\n<ul class=\"wp-block-list\">\n<li>\u00dcberblick \u00fcber das Unternehmen:<\/li>\n\n\n\n<li>Von Ihrem Unternehmen erbrachte Dienstleistungen:<\/li>\n\n\n\n<li>URL der Website:<\/li>\n\n\n\n<li>Gegr\u00fcndet (Jahr):<\/li>\n\n\n\n<li>Mitarbeiter:<\/li>\n\n\n\n<li>E-Mail:<\/li>\n\n\n\n<li>Telefonnummer des Ansprechpartners:<\/li>\n\n\n\n<li>Orte:<\/li>\n\n\n\n<li>Stundensatz:<\/li>\n\n\n\n<li>Wichtige Kunden:<\/li>\n<\/ul>\n\n<p>Bitte besuchen Sie unsere Website, um z. B. Informationen zu anderen Unternehmen anzuzeigen.<\/p>\n\n<h2 class=\"wp-block-heading\">In Kontakt kommen<\/h2>\n\n<p>Wir sind auf allen g\u00e4ngigen sozialen Kan\u00e4len erreichbar.\nSie k\u00f6nnen uns auf den unten aufgef\u00fchrten Kan\u00e4len beitreten, uns begr\u00fc\u00dfen und auf dem Laufenden bleiben! <\/p>\n\n<ul class=\"wp-block-list\">\n<li><a href=\"https:\/\/nudify.info\/contact\/\"><\/a><a href=\"https:\/\/nudify.info\/contact\/\">Kontaktformular<\/a><\/li>\n\n\n\n<li>B\u00fcrostandort: <u>Ankara, T\u00fcrkei<\/u><\/li>\n<\/ul>\n\n<p><strong>Unsere schnellen Statistiken:<\/strong><\/p>\n\n<ul class=\"wp-block-list\">\n<li>230 k+ monatliche Seitenaufrufe;<\/li>\n\n\n\n<li>4100+ Telegram-, Facebook-, Twitter- und LinkedIn-Follower;<\/li>\n\n\n\n<li>220+ E-Mail- und RSS-Abonnenten;<\/li>\n\n\n\n<li>Interaktivstes Portal mit 140+ Seiten;<\/li>\n\n\n\n<li>Seit 2021 \u2013 Eines der vertrauensw\u00fcrdigsten DeepNude-Review-Portale.<\/li>\n<\/ul>\n\n<p>Wir sind sehr stolz darauf, mit der <a href=\"https:\/\/savelife.in.ua\/en\/donate-en\/\" target=\"_blank\" rel=\"noopener nofollow\">Come Back Alive Foundation<\/a> zusammengearbeitet zu haben, d.h. f\u00fcr jeden Beitrag, den wir f\u00fcr alle unsere Kunden und Kundinnen erstellen, <em>helfen wir auch der Ukraine<\/em>.  <\/p>\n\n<h3 class=\"wp-block-heading\">Haben Sie Vorschl\u00e4ge f\u00fcr uns?<\/h3>\n\n<p>Wenn Sie Vorschl\u00e4ge oder Ratschl\u00e4ge f\u00fcr uns haben, w\u00fcrden wir uns gerne anh\u00f6ren.<\/p>\n\n<p>Hier ist er also,<strong> &#8220;Nudify Info&#8221;<\/strong> \u2013 ein KI-Tech-Blog f\u00fcr Leute, die DeepNude und DeepFake au\u00dferhalb der Blase lieben.<\/p>\n","protected":false},"excerpt":{"rendered":"<p>Vielen Dank f\u00fcr Ihren Besuch im Nudify Info-Blog. Ich bin sicher, dass Sie mehr \u00fcber uns erfahren w\u00fcrden. Wir m\u00f6chten Sie dar\u00fcber informieren, dass der Verlag &#8220;Nudify Info&#8220; eine Plattform f\u00fcr KI-Enthusiasten ist, die Technologien zur Erzeugung von Bildern, Videos und T\u00f6nen erforschen. Wir arbeiten seit 2021 in diesem Bereich, als wir unsere ersten Recherchen [&hellip;]<\/p>\n","protected":false},"author":1,"featured_media":31593,"parent":0,"menu_order":0,"comment_status":"closed","ping_status":"closed","template":"","meta":{"footnotes":""},"class_list":["post-33807","page","type-page","status-publish","has-post-thumbnail","hentry"],"aioseo_notices":[],"_links":{"self":[{"href":"https:\/\/nudify.info\/de\/wp-json\/wp\/v2\/pages\/33807","targetHints":{"allow":["GET"]}}],"collection":[{"href":"https:\/\/nudify.info\/de\/wp-json\/wp\/v2\/pages"}],"about":[{"href":"https:\/\/nudify.info\/de\/wp-json\/wp\/v2\/types\/page"}],"author":[{"embeddable":true,"href":"https:\/\/nudify.info\/de\/wp-json\/wp\/v2\/users\/1"}],"replies":[{"embeddable":true,"href":"https:\/\/nudify.info\/de\/wp-json\/wp\/v2\/comments?post=33807"}],"version-history":[{"count":0,"href":"https:\/\/nudify.info\/de\/wp-json\/wp\/v2\/pages\/33807\/revisions"}],"wp:featuredmedia":[{"embeddable":true,"href":"https:\/\/nudify.info\/de\/wp-json\/wp\/v2\/media\/31593"}],"wp:attachment":[{"href":"https:\/\/nudify.info\/de\/wp-json\/wp\/v2\/media?parent=33807"}],"curies":[{"name":"wp","href":"https:\/\/api.w.org\/{rel}","templated":true}]}}